{"id":2094,"date":"2018-03-28T12:11:25","date_gmt":"2018-03-28T12:11:25","guid":{"rendered":"https:\/\/cbme.org.br\/novo\/?page_id=2094"},"modified":"2018-03-28T12:11:25","modified_gmt":"2018-03-28T12:11:25","slug":"programacao-seminario-de-ancoragens-fixas-em-areas-naturais","status":"publish","type":"page","link":"https:\/\/cbme.org.br\/novo\/programacao-seminario-de-ancoragens-fixas-em-areas-naturais\/","title":{"rendered":"Programa\u00e7\u00e3o Semin\u00e1rio de Ancoragens Fixas em \u00c1reas Naturais"},"content":{"rendered":"<p><strong>Programa\u00e7\u00e3o preliminar do\u00a0<\/strong><strong>I<a href=\"https:\/\/cbme.org.br\/novo\/i-seminario-de-ancoragens-fixas-em-areas-naturais\/\"> SEMIN\u00c1RIO DE ANCORAGENS FIXAS EM \u00c1REAS NATURAIS<\/a><\/strong><\/p>\n<p><strong>Data:<\/strong> 14 de abril de 2018\u00a0 \u00a0|||\u00a0 \u00a0<strong>Local:<\/strong>\u00a0UNIRIO, Urca, Rio de Janeiro &#8211; RJ<\/p>\n<table width=\"485\">\n<tbody>\n<tr>\n<td width=\"68\"><strong>8h30-9h30<\/strong><\/td>\n<td width=\"417\"><strong>Apresenta\u00e7\u00e3o<\/strong><\/td>\n<\/tr>\n<tr>\n<td width=\"68\"><strong>8h30-9h <\/strong><\/td>\n<td width=\"417\"><strong>Recep\u00e7\u00e3o<\/strong><\/td>\n<\/tr>\n<tr>\n<td width=\"68\"><strong>\u00a0<\/strong><\/td>\n<td width=\"417\">1. Recep\u00e7\u00e3o dos convidados<\/td>\n<\/tr>\n<tr>\n<td width=\"68\"><strong>\u00a0<\/strong><\/td>\n<td width=\"417\">2. Inscri\u00e7\u00e3o nos Grupos de Trabalho (vagas limitadas)<\/td>\n<\/tr>\n<tr>\n<td width=\"68\"><strong>\u00a0<\/strong><\/td>\n<td width=\"417\">3. Networking<\/td>\n<\/tr>\n<tr>\n<td width=\"68\"><strong>9h \u2013 9h30<\/strong><\/td>\n<td width=\"417\"><strong>Mesa de Abertura<\/strong><\/td>\n<\/tr>\n<tr>\n<td width=\"68\"><\/td>\n<td width=\"417\">1. Contextualiza\u00e7\u00e3o do Semin\u00e1rio<\/td>\n<\/tr>\n<tr>\n<td width=\"68\"><\/td>\n<td width=\"417\">2. Import\u00e2ncia do esporte como parceiro para conserva\u00e7\u00e3o<\/td>\n<\/tr>\n<tr>\n<td width=\"68\"><strong>\u00a0<\/strong><\/td>\n<td width=\"417\">3. Regras de conviv\u00eancia<\/td>\n<\/tr>\n<tr>\n<td width=\"68\"><strong>9h30 \u2013 15h30<\/strong><\/td>\n<td width=\"417\"><strong>Mesas tem\u00e1ticas<\/strong><\/td>\n<\/tr>\n<tr>\n<td width=\"68\"><strong>09h30 &#8211; 11h00<\/strong><\/td>\n<td width=\"417\"><strong>Mesa 1 \u2013 Diversidade e Complexidade: Esporte, Conserva\u00e7\u00e3o e Risco<\/strong><\/td>\n<\/tr>\n<tr>\n<td width=\"68\"><\/td>\n<td width=\"417\">1. Esporte &#8211; tradi\u00e7\u00f5es, t\u00e9cnicas e recomenda\u00e7\u00f5es.<\/td>\n<\/tr>\n<tr>\n<td width=\"68\"><\/td>\n<td width=\"417\">2. Unidades de conserva\u00e7\u00e3o &#8211; a vis\u00e3o da gest\u00e3o<\/td>\n<\/tr>\n<tr>\n<td width=\"68\"><\/td>\n<td width=\"417\">3. Responsabilidades e o direito ao risco<\/td>\n<\/tr>\n<tr>\n<td width=\"68\"><\/td>\n<td width=\"417\">Debate<\/td>\n<\/tr>\n<tr>\n<td width=\"68\"><strong>11h00 &#8211; 12h50<\/strong><\/td>\n<td width=\"417\"><strong>Mesa 2 &#8211; Ancoragens Fixas: trajet\u00f3rias e perspectivas<\/strong><\/td>\n<\/tr>\n<tr>\n<td width=\"68\"><\/td>\n<td width=\"417\">1. O tradicional grampo P \u2013 vantagens, desvantagens e limita\u00e7\u00f5es<\/td>\n<\/tr>\n<tr>\n<td width=\"68\"><\/td>\n<td width=\"417\">2. Fabrica\u00e7\u00e3o de ancoragens com a\u00e7os inoxid\u00e1veis austen\u00edticos \u2013 (ensaios e resultados)<\/td>\n<\/tr>\n<tr>\n<td width=\"68\"><\/td>\n<td width=\"417\">3. Materiais altamente resistentes \u00e0 corros\u00e3o (Tit\u00e2nio, a\u00e7o inox super-auten\u00edticos, a\u00e7os inox duplex e super-duplex) &#8211; op\u00e7\u00f5es e perspectivas<\/td>\n<\/tr>\n<tr>\n<td width=\"68\"><\/td>\n<td width=\"417\">Debate<\/td>\n<\/tr>\n<tr>\n<td width=\"68\"><strong>13h00 &#8211; 14h00<\/strong><\/td>\n<td width=\"417\"><strong>Almo\u00e7o<\/strong><\/td>\n<\/tr>\n<tr>\n<td width=\"68\"><strong>14h00 &#8211; 15h30<\/strong><\/td>\n<td width=\"417\"><strong>Mesa 3 &#8211; Na pr\u00e1tica, Na Rocha<\/strong><\/td>\n<\/tr>\n<tr>\n<td width=\"68\"><\/td>\n<td width=\"417\">1. Instala\u00e7\u00e3o e substitui\u00e7\u00e3o de ancoragens &#8211; crit\u00e9rios e cuidados<\/td>\n<\/tr>\n<tr>\n<td width=\"68\"><\/td>\n<td width=\"417\">2. Ensaios com ancoragens fixas a beira mar &#8211; Caso Santa Catarina<\/td>\n<\/tr>\n<tr>\n<td width=\"68\"><\/td>\n<td width=\"417\">Debate<\/td>\n<\/tr>\n<tr>\n<td width=\"68\"><strong>15h30 \u2013 17h30<\/strong><\/td>\n<td width=\"417\"><strong>Grupos de Trabalho<\/strong><\/td>\n<\/tr>\n<\/tbody>\n<\/table>\n<p><strong>Nota:<\/strong> A programa\u00e7\u00e3o poder\u00e1 sofrer altera\u00e7\u00f5es<\/p>\n<p>&nbsp;<\/p>\n","protected":false},"excerpt":{"rendered":"<p>Programa\u00e7\u00e3o preliminar do\u00a0I SEMIN\u00c1RIO DE ANCORAGENS FIXAS EM \u00c1REAS NATURAIS Data: 14 de abril de 2018\u00a0 \u00a0|||\u00a0 \u00a0Local:\u00a0UNIRIO, Urca, Rio de Janeiro &#8211; RJ 8h30-9h30&hellip;<\/p>\n","protected":false},"author":5,"featured_media":0,"parent":0,"menu_order":0,"comment_status":"closed","ping_status":"closed","template":"","meta":{"footnotes":""},"class_list":["post-2094","page","type-page","status-publish","hentry"],"_links":{"self":[{"href":"https:\/\/cbme.org.br\/novo\/wp-json\/wp\/v2\/pages\/2094","targetHints":{"allow":["GET"]}}],"collection":[{"href":"https:\/\/cbme.org.br\/novo\/wp-json\/wp\/v2\/pages"}],"about":[{"href":"https:\/\/cbme.org.br\/novo\/wp-json\/wp\/v2\/types\/page"}],"author":[{"embeddable":true,"href":"https:\/\/cbme.org.br\/novo\/wp-json\/wp\/v2\/users\/5"}],"replies":[{"embeddable":true,"href":"https:\/\/cbme.org.br\/novo\/wp-json\/wp\/v2\/comments?post=2094"}],"version-history":[{"count":1,"href":"https:\/\/cbme.org.br\/novo\/wp-json\/wp\/v2\/pages\/2094\/revisions"}],"predecessor-version":[{"id":2095,"href":"https:\/\/cbme.org.br\/novo\/wp-json\/wp\/v2\/pages\/2094\/revisions\/2095"}],"wp:attachment":[{"href":"https:\/\/cbme.org.br\/novo\/wp-json\/wp\/v2\/media?parent=2094"}],"curies":[{"name":"wp","href":"https:\/\/api.w.org\/{rel}","templated":true}]}}