{"id":1966,"date":"2017-10-15T11:35:38","date_gmt":"2017-10-15T11:35:38","guid":{"rendered":"https:\/\/cbme.org.br\/novo\/?page_id=1966"},"modified":"2017-10-15T11:36:02","modified_gmt":"2017-10-15T11:36:02","slug":"beneficios","status":"publish","type":"page","link":"https:\/\/cbme.org.br\/novo\/about\/beneficios\/","title":{"rendered":"Benef\u00edcios"},"content":{"rendered":"<div>&nbsp;<\/div>\n<div>Por que se associar?&nbsp;<\/div>\n<div>A CBME trabalha para fortalecer o montanhismo em todas as suas modalidades e luta pelos direitos de todos os montanhistas e escaladores.&nbsp;A sua associa\u00e7\u00e3o&nbsp;nos ajuda a ter maior representatividade perante os diversos atores da sociedade e colabora financeiramente para as federa\u00e7\u00f5es poderem atuar nos seus estados.&nbsp;Juntos somos mais&nbsp;fortes, v<a href=\"https:\/\/cbme.org.br\/novo\/pessoa-fisica-como-se-associar\/\" target=\"_blank\" rel=\"noopener\" data-saferedirecturl=\"https:\/\/www.google.com\/url?hl=en&amp;q=https:\/\/cbme.org.br\/novo\/pessoa-fisica-como-se-associar\/&amp;source=gmail&amp;ust=1508153429318000&amp;usg=AFQjCNGLvQcj_JUk4uHgGCoAxUHepLCutQ\">eja como se associar<\/a>.<\/div>\n<div>&nbsp;<\/div>\n<div>Mas voc\u00ea tem tamb\u00e9m outros benef\u00edcios e descontos:&nbsp;<\/div>\n<div>(\u00e9 necess\u00e1rio apresentar a carteirinha em dia para adquirir os descontos)&nbsp;<\/div>\n<div>&nbsp;<\/div>\n<div>Abrigos de Montanha<\/div>\n<div>Abrigo Cumes<\/div>\n<div>\n<div dir=\"auto\"><a href=\"http:\/\/www.cumes.com.br\/\" target=\"_blank\" rel=\"noopener\" data-saferedirecturl=\"https:\/\/www.google.com\/url?hl=en&amp;q=http:\/\/www.cumes.com.br\/&amp;source=gmail&amp;ust=1508153429318000&amp;usg=AFQjCNH_b4MQegZTVUvAQ0Sbu7ZcAFKGPw\">www.cumes.com.br<\/a><\/div>\n<div dir=\"auto\">Endere\u00e7o:&nbsp;Rua Julio de Moura Monteiro &#8211; Lote 17(Antigo &#8211; Estrada da Pedreira 1048)&nbsp;<\/div>\n<div dir=\"auto\">Correas -Petr\u00f3polis, RJ<\/div>\n<div dir=\"auto\">Email:&nbsp;<a href=\"mailto:arthur@cumes.com.br\" target=\"_blank\" rel=\"noopener\">arthur@cumes.com.br<\/a><\/div>\n<div dir=\"auto\">Telefone:&nbsp;<a href=\"tel:(21)%2099856-5421\" target=\"_blank\" rel=\"noopener\">21 998565421<\/a><\/div>\n<div dir=\"auto\">Facebook: @cumes.escalada<\/div>\n<div>10% de desconto para associados em dia<\/div>\n<div>&nbsp;<\/div>\n<div>&nbsp;<\/div>\n<div>Ref\u00fagio 5.13<\/div>\n<div><a href=\"http:\/\/www.cincotreze.com.br\/\" target=\"_blank\" rel=\"noopener\" data-saferedirecturl=\"https:\/\/www.google.com\/url?hl=en&amp;q=http:\/\/www.cincotreze.com.br\/&amp;source=gmail&amp;ust=1508153429318000&amp;usg=AFQjCNFVvFOFQ_lkCRk0T9VT7WjY77cHkw\">http:\/\/www.cincotreze.com.br\/<\/a><\/div>\n<div>Endere\u00e7o:&nbsp;<a href=\"https:\/\/maps.google.com\/?q=Rua+Anhangava,+635+-+Borda+do+Campo-+Quatro+Barras,+PR&amp;entry=gmail&amp;source=g\">Rua Anhangava, 635 &#8211; Borda do Campo- Quatro Barras, PR<\/a>&nbsp;&#8211; 83425-000<\/div>\n<div>Email:&nbsp;<a href=\"mailto:cincotreze@cincotreze.com.br\" target=\"_blank\" rel=\"noopener\">cincotreze@cincotreze.com.br<\/a><\/div>\n<p>Telefone:&nbsp;<a href=\"tel:(41)%203554-1609\" target=\"_blank\" rel=\"noopener\">(41) 3554-1609<\/a><\/p>\n<div>&nbsp; &nbsp; &nbsp; &nbsp; &nbsp; &nbsp; &nbsp; &nbsp;(41) 9 9994-5300<\/div>\n<div>20% de desconto para associados em dia<\/div>\n<\/div>\n","protected":false},"excerpt":{"rendered":"<p>&nbsp; Por que se associar?&nbsp; A CBME trabalha para fortalecer o montanhismo em todas as suas modalidades e luta pelos direitos de todos os montanhistas&hellip;<\/p>\n","protected":false},"author":3,"featured_media":0,"parent":2,"menu_order":0,"comment_status":"closed","ping_status":"closed","template":"","meta":{"footnotes":""},"class_list":["post-1966","page","type-page","status-publish","hentry"],"_links":{"self":[{"href":"https:\/\/cbme.org.br\/novo\/wp-json\/wp\/v2\/pages\/1966","targetHints":{"allow":["GET"]}}],"collection":[{"href":"https:\/\/cbme.org.br\/novo\/wp-json\/wp\/v2\/pages"}],"about":[{"href":"https:\/\/cbme.org.br\/novo\/wp-json\/wp\/v2\/types\/page"}],"author":[{"embeddable":true,"href":"https:\/\/cbme.org.br\/novo\/wp-json\/wp\/v2\/users\/3"}],"replies":[{"embeddable":true,"href":"https:\/\/cbme.org.br\/novo\/wp-json\/wp\/v2\/comments?post=1966"}],"version-history":[{"count":1,"href":"https:\/\/cbme.org.br\/novo\/wp-json\/wp\/v2\/pages\/1966\/revisions"}],"predecessor-version":[{"id":1967,"href":"https:\/\/cbme.org.br\/novo\/wp-json\/wp\/v2\/pages\/1966\/revisions\/1967"}],"up":[{"embeddable":true,"href":"https:\/\/cbme.org.br\/novo\/wp-json\/wp\/v2\/pages\/2"}],"wp:attachment":[{"href":"https:\/\/cbme.org.br\/novo\/wp-json\/wp\/v2\/media?parent=1966"}],"curies":[{"name":"wp","href":"https:\/\/api.w.org\/{rel}","templated":true}]}}