{"id":1689,"date":"2017-04-19T12:55:57","date_gmt":"2017-04-19T12:55:57","guid":{"rendered":"https:\/\/cbme.org.br\/novo\/?page_id=1689"},"modified":"2017-05-31T18:25:09","modified_gmt":"2017-05-31T18:25:09","slug":"3o-encontro-de-parques-de-montanha","status":"publish","type":"page","link":"https:\/\/cbme.org.br\/novo\/3o-encontro-de-parques-de-montanha\/","title":{"rendered":"3o Encontro de Parques de Montanha"},"content":{"rendered":"<h1><strong><a href=\"https:\/\/cbme.org.br\/novo\/wp-content\/uploads\/2017\/05\/Screen-Shot-2017-05-30-at-19.16.03.png\" data-rel=\"penci-gallery-image-content\" ><img fetchpriority=\"high\" decoding=\"async\" class=\"size-full wp-image-1792 alignleft\" src=\"https:\/\/cbme.org.br\/novo\/wp-content\/uploads\/2017\/05\/Screen-Shot-2017-05-30-at-19.16.03.png\" alt=\"\" width=\"430\" height=\"298\" srcset=\"https:\/\/cbme.org.br\/novo\/wp-content\/uploads\/2017\/05\/Screen-Shot-2017-05-30-at-19.16.03.png 430w, https:\/\/cbme.org.br\/novo\/wp-content\/uploads\/2017\/05\/Screen-Shot-2017-05-30-at-19.16.03-300x208.png 300w\" sizes=\"(max-width: 430px) 100vw, 430px\" \/><\/a><\/strong><\/h1>\n<p><strong>Local:<\/strong><br \/>\n4\/5\/17 &#8211; Centro de Visitantes das Paineiras, Parque Nacional da Tijuca<br \/>\n5\/5\/17 &#8211; Audit\u00f3rio do Morro da Urca, MoNa P\u00e3o de A\u00e7\u00facar<\/p>\n<p><strong><a href=\"https:\/\/cbme.org.br\/novo\/wp-content\/uploads\/2017\/04\/relatorio_III_encontro_parques_montanha1-1.pdf\" target=\"_blank\" rel=\"noopener noreferrer\">Relat\u00f3rio 3o Encontro de Parques de Montanha<br \/>\n<\/a><\/strong><strong><a href=\"https:\/\/cbme.org.br\/novo\/mesas-e-apresentacoes\/\">Mesas e Apresenta\u00e7\u00f5es<br \/>\n<\/a><a href=\"https:\/\/cbme.org.br\/novo\/fotos-3o-encontro-de-parques-de-montanha\/\">Fotos <\/a><\/strong><\/p>\n<p>&nbsp;<\/p>\n<p><strong>Objetivo Geral &#8211;\u00a0<\/strong><em>Debater a situa\u00e7\u00e3o da visita\u00e7\u00e3o em parques do Brasil, buscando estimular a diversidade de oportunidades e de solu\u00e7\u00f5es para a sustentabilidade dos parques.<\/em><\/p>\n<p><strong>Objetivos Espec\u00edficos<\/strong><\/p>\n<ul>\n<li>Estimular o interc\u00e2mbio de experi\u00eancias e a interlocu\u00e7\u00e3o entre usu\u00e1rios, gestores, dirigentes de \u00f3rg\u00e3os ambientais, entidades do terceiro setor e academia.<\/li>\n<li>Identificar os principais entraves para o alcance dos objetivos da gest\u00e3o da unidade, com \u00eanfase em todos os aspectos relacionados \u00e0 visita\u00e7\u00e3o.<\/li>\n<li>Debater alternativas para a sustentabilidade financeira dos parques.<\/li>\n<li>Contribuir para que a gest\u00e3o da visita\u00e7\u00e3o em parques seja mais inclusiva, aberta e diversificada.<\/li>\n<li>Propor recomenda\u00e7\u00f5es para o planejamento e manejo da visita\u00e7\u00e3o.<\/li>\n<\/ul>\n<p><strong>Realiza\u00e7\u00e3o:<\/strong> CBME e ICMBio<br \/>\n<strong>Organiza\u00e7\u00e3o:<\/strong> <a href=\"http:\/\/femerj.org\">FEMERJ<\/a> e <a href=\"http:\/\/accesopanam.com\">Acceso PanAm<\/a><br \/>\n<strong>Apoio<\/strong>: CCAPA,\u00a0Cataratas S.A, WWF e SOS Mata Atl\u00e2ntica<\/p>\n","protected":false},"excerpt":{"rendered":"<p>Local: 4\/5\/17 &#8211; Centro de Visitantes das Paineiras, Parque Nacional da Tijuca 5\/5\/17 &#8211; Audit\u00f3rio do Morro da Urca, MoNa P\u00e3o de A\u00e7\u00facar Relat\u00f3rio 3o&hellip;<\/p>\n","protected":false},"author":1,"featured_media":0,"parent":0,"menu_order":0,"comment_status":"closed","ping_status":"closed","template":"","meta":{"footnotes":""},"class_list":["post-1689","page","type-page","status-publish","hentry"],"_links":{"self":[{"href":"https:\/\/cbme.org.br\/novo\/wp-json\/wp\/v2\/pages\/1689","targetHints":{"allow":["GET"]}}],"collection":[{"href":"https:\/\/cbme.org.br\/novo\/wp-json\/wp\/v2\/pages"}],"about":[{"href":"https:\/\/cbme.org.br\/novo\/wp-json\/wp\/v2\/types\/page"}],"author":[{"embeddable":true,"href":"https:\/\/cbme.org.br\/novo\/wp-json\/wp\/v2\/users\/1"}],"replies":[{"embeddable":true,"href":"https:\/\/cbme.org.br\/novo\/wp-json\/wp\/v2\/comments?post=1689"}],"version-history":[{"count":19,"href":"https:\/\/cbme.org.br\/novo\/wp-json\/wp\/v2\/pages\/1689\/revisions"}],"predecessor-version":[{"id":1822,"href":"https:\/\/cbme.org.br\/novo\/wp-json\/wp\/v2\/pages\/1689\/revisions\/1822"}],"wp:attachment":[{"href":"https:\/\/cbme.org.br\/novo\/wp-json\/wp\/v2\/media?parent=1689"}],"curies":[{"name":"wp","href":"https:\/\/api.w.org\/{rel}","templated":true}]}}