{"id":1611,"date":"2017-02-07T20:28:22","date_gmt":"2017-02-07T20:28:22","guid":{"rendered":"https:\/\/cbme.org.br\/novo\/?page_id=1611"},"modified":"2018-12-04T17:25:31","modified_gmt":"2018-12-04T17:25:31","slug":"comunicados-e-posicionamentos-oficiais","status":"publish","type":"page","link":"https:\/\/cbme.org.br\/novo\/biblioteca\/comunicados-e-posicionamentos-oficiais\/","title":{"rendered":"Comunicados e Posicionamentos Oficiais"},"content":{"rendered":"<p>&nbsp;<\/p>\n<ol class=\"gmail_msg\">\n<li class=\"gmail_msg\">2018 &#8211; <a href=\"https:\/\/cbme.org.br\/novo\/wp-content\/uploads\/2018\/12\/CBME-COM-2018.01-Nota-Oficial.pdf\">CBME-COM-2018\/01- Nota Oficial- Fake News no Whatsapp<\/a><\/li>\n<li class=\"gmail_msg\"><a href=\"https:\/\/cbme.org.br\/novo\/wp-content\/uploads\/2018\/10\/CBME-MAN_2018.01-Trilhas-autoguiadas.pdf\">2018 &#8211; CBME-MAN-2018\/01-Posicionamento sobre trilhas autoguiadas e diversidade de oportunidades<\/a><\/li>\n<li class=\"gmail_msg\"><a href=\"https:\/\/cbme.org.br\/novo\/wp-content\/uploads\/2017\/01\/CBME-COM-2017-01.pdf\">2017 &#8211; CBME-COM-2017-01 &#8211; Nota sobre campeonatos brasileiros de escalada<\/a><\/li>\n<li class=\"gmail_msg\">2016 \u2013 Of\u00edcio ao Presidente do ICMBio, Carlos Maretti sobre Guia Obrigat\u00f3rio na Floresta Nacional de Tapaj\u00f3s<\/li>\n<li class=\"gmail_msg\"><a href=\"https:\/\/cbme.org.br\/novo\/wp-content\/uploads\/2017\/02\/2015-FASA-02-Adhesi\u00f3n-a-Declaraci\u00f3n-de-Andinistas-Argentinos-CBME.pdf\" target=\"_blank\" rel=\"noopener noreferrer\">2015 \u2013 Declara\u00e7\u00e3o de apoio \u00e0 Federa\u00e7\u00e3o Argentina de Ski e Andinismo sobre Projetos de Legisla\u00e7\u00e3o.<\/a><\/li>\n<li class=\"gmail_msg\"><a href=\"https:\/\/cbme.org.br\/novo\/wp-content\/uploads\/2017\/02\/2015-Carta-Apoio-Ampliacao-Veadeiros-1.pdf\" target=\"_blank\" rel=\"noopener noreferrer\"><span class=\"gmail_msg\" style=\"color: #008000;\">2015 \u2013 Carta de Apoio\u00a0\u00e0 Amplia\u00e7\u00e3o do Parque Nacional da Chapada dos Veadeiros<\/span><\/a><\/li>\n<li class=\"gmail_msg\">2014 \u2013 Carta de Apoio ao Tombamento da Serra da Mantiqueira<\/li>\n<li class=\"gmail_msg\"><a href=\"https:\/\/cbme.org.br\/novo\/wp-content\/uploads\/2017\/02\/2013-11-04-Declara\u00e7\u00e3o-Andrea.pdf\" target=\"_blank\" rel=\"noopener noreferrer\">2013 \u2013 Declarac\u0327a\u0303o sobre Acidente na Via CEPI , Rio de Janeiro<\/a><\/li>\n<li class=\"gmail_msg\"><a href=\"https:\/\/cbme.org.br\/novo\/wp-content\/uploads\/2017\/01\/Carta-desfilia\u00e7\u00e3o-CBME-IFSC.pdf\" target=\"_blank\" rel=\"noopener noreferrer\"><span class=\"gmail_msg\" style=\"color: #008000;\">2013 \u2013 Carta desfiliac\u0327a\u0303o da IFSC (em portugu\u00eas)<br class=\"gmail_msg\" \/><\/span><\/a><\/li>\n<li class=\"gmail_msg\"><span class=\"gmail_msg\" style=\"color: #008000;\"><a href=\"https:\/\/cbme.org.br\/novo\/wp-content\/uploads\/2017\/01\/2013-11-18-Disaffiliation-Letter.pdf\" target=\"_blank\" rel=\"noopener noreferrer\">2013 \u2013 Carta desfiliac\u0327a\u0303o da IFSC (em ingl\u00eas)<\/a><br class=\"gmail_msg\" \/><\/span><\/li>\n<li class=\"gmail_msg\"><a href=\"https:\/\/cbme.org.br\/novo\/wp-content\/uploads\/2017\/02\/2012-Carta-MMA-veadeiros-guia-obrig.pdf\" target=\"_blank\" rel=\"noopener noreferrer\"><span class=\"gmail_msg\" style=\"color: #008000;\">2012 \u2013 Carta Enviada ao Minist\u00e9rio do Meio Ambiente sobre Guias Obrigat\u00f3rios no Parque Nacional da Chapada dos Veadeiros<\/span><\/a><\/li>\n<li class=\"gmail_msg\"><a href=\"https:\/\/cbme.org.br\/novo\/wp-content\/uploads\/2017\/02\/COM-2012.01-Guias-Obrigat\u00f3rios.pdf\" target=\"_blank\" rel=\"noopener noreferrer\"><span class=\"gmail_msg\" style=\"color: #008000;\">Posicionamento sobre Guias Obrigat\u00f3rios (COM-2012.01 \u2013 Guias Obrigato\u0301rios)<\/span><\/a><\/li>\n<li class=\"gmail_msg\"><a href=\"https:\/\/cbme.org.br\/novo\/wp-content\/uploads\/2017\/02\/principios-cbme-alta.pdf\" target=\"_blank\" rel=\"noopener noreferrer\"><span class=\"gmail_msg\" style=\"color: #008000;\">Princ\u00edpios e Valores do Montanhismo Brasileiro<\/span><\/a><\/li>\n<\/ol>\n","protected":false},"excerpt":{"rendered":"<p>&nbsp; 2018 &#8211; CBME-COM-2018\/01- Nota Oficial- Fake News no Whatsapp 2018 &#8211; CBME-MAN-2018\/01-Posicionamento sobre trilhas autoguiadas e diversidade de oportunidades 2017 &#8211; CBME-COM-2017-01 &#8211; Nota&hellip;<\/p>\n","protected":false},"author":1,"featured_media":0,"parent":1420,"menu_order":0,"comment_status":"closed","ping_status":"closed","template":"","meta":{"footnotes":""},"class_list":["post-1611","page","type-page","status-publish","hentry"],"_links":{"self":[{"href":"https:\/\/cbme.org.br\/novo\/wp-json\/wp\/v2\/pages\/1611","targetHints":{"allow":["GET"]}}],"collection":[{"href":"https:\/\/cbme.org.br\/novo\/wp-json\/wp\/v2\/pages"}],"about":[{"href":"https:\/\/cbme.org.br\/novo\/wp-json\/wp\/v2\/types\/page"}],"author":[{"embeddable":true,"href":"https:\/\/cbme.org.br\/novo\/wp-json\/wp\/v2\/users\/1"}],"replies":[{"embeddable":true,"href":"https:\/\/cbme.org.br\/novo\/wp-json\/wp\/v2\/comments?post=1611"}],"version-history":[{"count":9,"href":"https:\/\/cbme.org.br\/novo\/wp-json\/wp\/v2\/pages\/1611\/revisions"}],"predecessor-version":[{"id":2294,"href":"https:\/\/cbme.org.br\/novo\/wp-json\/wp\/v2\/pages\/1611\/revisions\/2294"}],"up":[{"embeddable":true,"href":"https:\/\/cbme.org.br\/novo\/wp-json\/wp\/v2\/pages\/1420"}],"wp:attachment":[{"href":"https:\/\/cbme.org.br\/novo\/wp-json\/wp\/v2\/media?parent=1611"}],"curies":[{"name":"wp","href":"https:\/\/api.w.org\/{rel}","templated":true}]}}