{"id":1542,"date":"2017-01-29T12:20:01","date_gmt":"2017-01-29T12:20:01","guid":{"rendered":"https:\/\/cbme.org.br\/novo\/?page_id=1542"},"modified":"2020-02-07T18:36:47","modified_gmt":"2020-02-07T18:36:47","slug":"criterios-pre-selecao","status":"publish","type":"page","link":"https:\/\/cbme.org.br\/novo\/mosquetao-de-ouro\/criterios-pre-selecao\/","title":{"rendered":"Crit\u00e9rios Pr\u00e9-Sele\u00e7\u00e3o"},"content":{"rendered":"<p>A indica\u00e7\u00e3o ser\u00e1 feita pelo p\u00fablico atrav\u00e9s de formul\u00e1rio online, onde ser\u00e3o preenchidas as informa\u00e7\u00f5es solicitadas para a candidatura.<\/p>\n<p>Ser\u00e1 formada uma Comiss\u00e3o do Mosquet\u00e3o de Ouro respons\u00e1vel por receber as indica\u00e7\u00f5es, verificar sua adequa\u00e7\u00e3o em rela\u00e7\u00e3o \u00e0 categoria e ao feito e fazer uma pr\u00e9-sele\u00e7\u00e3o.<\/p>\n<p>As pr\u00e9-indica\u00e7\u00f5es ser\u00e3o analisadas pela Comiss\u00e3o, que avaliar\u00e1 o atendimento aos requisitos. A Comiss\u00e3o far\u00e1 tamb\u00e9m o levantamento do material de divulga\u00e7\u00e3o explicando o feito, sua representatividade e repercuss\u00e3o. A Comiss\u00e3o poder\u00e1 tamb\u00e9m acrescentar nomes para a lista de pr\u00e9-indicados.<\/p>\n<p>Tr\u00eas nomes por categoria ser\u00e3o selecionados pela Comiss\u00e3o para concorrer \u00e0 premia\u00e7\u00e3o do ano.<\/p>\n<p>Os crit\u00e9rios de sele\u00e7\u00e3o, aplic\u00e1veis a cada categoria, considerar\u00e3o diferentes aspectos que incluem, mas n\u00e3o s\u00e3o limitados \u00e0:<\/p>\n<ul>\n<li>Relev\u00e2ncia para o esporte<\/li>\n<li>Estilo da ascens\u00e3o<\/li>\n<li>Esp\u00edrito de Explora\u00e7\u00e3o<\/li>\n<li>N\u00edvel de comprometimento e autossufici\u00eancia da expedi\u00e7\u00e3o<\/li>\n<li>N\u00edvel t\u00e9cnico exigido<\/li>\n<li>N\u00edvel de risco<\/li>\n<li>\u00c9tica<\/li>\n<li>Grau de envolvimento na excurs\u00e3o (guia, participante,\u2026)<\/li>\n<li>Respeito ao meio ambiente<\/li>\n<li>Respeito \u00e0 comunidade local e a outros montanhistas<\/li>\n<li>Respeito \u00e0s organiza\u00e7\u00f5es do montanhismo<\/li>\n<li>Observa\u00e7\u00e3o dos Princ\u00edpios e Valores do Montanhismo Brasileiro<\/li>\n<li>Abrang\u00eancia espacial de atua\u00e7\u00e3o (nacional, estadual ou local)<\/li>\n<li>Per\u00edodo de atua\u00e7\u00e3o ou do feito<\/li>\n<\/ul>\n<h1>Comiss\u00e3o Mosquet\u00e3o de Ouro<\/h1>\n<p>O objetivo da comiss\u00e3o do Mosquet\u00e3o de Ouro \u00e9 avaliar critica e tecnicamente os candidatos para escolher os finalistas concorrentes em cada categoria e, posteriormente, deliberar e decidir o seu voto.<\/p>\n<p>A comiss\u00e3o poder\u00e1 ser renovada anualmente e dever\u00e1 ser renovada a cada tr\u00eas anos. As entidades-membro da CBME poder\u00e3o indicar membros que ser\u00e3o escolhidos posteriormente pela diretoria da CBME em conjunto pelo Coordenador do Pr\u00eamio de acordo com os crit\u00e9rios abaixo.<\/p>\n<p>A comiss\u00e3o do Mosquet\u00e3o de Ouro dever\u00e1 ser composta por 5 a 10 membros, de prefer\u00eancia com n\u00famero \u00edmpar, que:<\/p>\n<ul>\n<li>Tenham ampla experi\u00eancia em alguma \u00e1rea do montanhismo, escalada ou organiza\u00e7\u00e3o do montanhismo<\/li>\n<li>Abranjam diferentes estilos e modalidades<\/li>\n<li>Mostrem uma amplitude de localidades brasileiras<\/li>\n<\/ul>\n<p>Para a escolha da Comiss\u00e3o, dever\u00e3o ser considerados:<\/p>\n<ul>\n<li>Experi\u00eancia em montanhismo e escalada de cada membro<\/li>\n<li>Predomin\u00e2ncia do estilo praticado por cada membro ou \u00e1rea de dedica\u00e7\u00e3o, como por exemplo: montanhismo, alta montanha, bouldering, esportiva, tradicional, dirigente de organiza\u00e7\u00e3o, etc.<\/li>\n<li>Estado de resid\u00eancia de cada membro, tentando dar uma amplitude abrangente na Comiss\u00e3o<\/li>\n<\/ul>\n<p>Nenhum membro da comiss\u00e3o poder\u00e1 estar concorrendo \u00e0 premia\u00e7\u00e3o daquele ano.<\/p>\n","protected":false},"excerpt":{"rendered":"<p>A indica\u00e7\u00e3o ser\u00e1 feita pelo p\u00fablico atrav\u00e9s de formul\u00e1rio online, onde ser\u00e3o preenchidas as informa\u00e7\u00f5es solicitadas para a candidatura. Ser\u00e1 formada uma Comiss\u00e3o do Mosquet\u00e3o&hellip;<\/p>\n","protected":false},"author":1,"featured_media":0,"parent":1144,"menu_order":0,"comment_status":"closed","ping_status":"closed","template":"","meta":{"footnotes":""},"class_list":["post-1542","page","type-page","status-publish","hentry"],"_links":{"self":[{"href":"https:\/\/cbme.org.br\/novo\/wp-json\/wp\/v2\/pages\/1542","targetHints":{"allow":["GET"]}}],"collection":[{"href":"https:\/\/cbme.org.br\/novo\/wp-json\/wp\/v2\/pages"}],"about":[{"href":"https:\/\/cbme.org.br\/novo\/wp-json\/wp\/v2\/types\/page"}],"author":[{"embeddable":true,"href":"https:\/\/cbme.org.br\/novo\/wp-json\/wp\/v2\/users\/1"}],"replies":[{"embeddable":true,"href":"https:\/\/cbme.org.br\/novo\/wp-json\/wp\/v2\/comments?post=1542"}],"version-history":[{"count":2,"href":"https:\/\/cbme.org.br\/novo\/wp-json\/wp\/v2\/pages\/1542\/revisions"}],"predecessor-version":[{"id":2421,"href":"https:\/\/cbme.org.br\/novo\/wp-json\/wp\/v2\/pages\/1542\/revisions\/2421"}],"up":[{"embeddable":true,"href":"https:\/\/cbme.org.br\/novo\/wp-json\/wp\/v2\/pages\/1144"}],"wp:attachment":[{"href":"https:\/\/cbme.org.br\/novo\/wp-json\/wp\/v2\/media?parent=1542"}],"curies":[{"name":"wp","href":"https:\/\/api.w.org\/{rel}","templated":true}]}}