{"id":1540,"date":"2017-01-29T12:18:53","date_gmt":"2017-01-29T12:18:53","guid":{"rendered":"https:\/\/cbme.org.br\/novo\/?page_id=1540"},"modified":"2020-02-07T18:35:04","modified_gmt":"2020-02-07T18:35:04","slug":"categorias","status":"publish","type":"page","link":"https:\/\/cbme.org.br\/novo\/mosquetao-de-ouro\/categorias\/","title":{"rendered":"Categorias"},"content":{"rendered":"<p><b>Montanhismo<\/b> <b>Brasil<\/b><span style=\"font-weight: 400;\"> \u2013 incluindo trilhas, travessias e feitos de montanhismo em territ\u00f3rio Brasileiro realizados de 01 de janeiro a 31 de dezembro de 2019. Essa categoria privilegia os valores b\u00e1sicos do montanhismo, como a autonomia, o comprometimento e a responsabilidade e o respeito com o ambiente de montanha e a cultura local. N\u00e3o ser\u00e3o consideradas excurs\u00f5es de car\u00e1ter marcadamente comercial, onde s\u00e3o utilizados guias e pesadas estruturas de apoio para o alcance dos objetivos.<\/span><\/p>\n<p><b>Altas montanhas &#8211;<\/b><span style=\"font-weight: 400;\"> feito realizado em montanhas acima de 3.000m realizado entre 01 de janeiro a 31 de dezembro de 2019. Essa categoria privilegia os valores b\u00e1sicos do montanhismo, como a autonomia, o comprometimento e a responsabilidade e o respeito com o ambiente de montanha e a cultura local. N\u00e3o ser\u00e3o consideradas excurs\u00f5es de car\u00e1ter marcadamente comercial, onde s\u00e3o utilizados guias e pesadas estruturas de apoio para o alcance dos objetivos.<\/span><\/p>\n<p><strong><em>Escalada<\/em><\/strong> &#8211; incluindo a escalada de aventura, realizada em livre e artificial, em rocha, mista ou gelo, big wall e conquistas, realizadas de 01 de janeiro a 31 de dezembro do ano anterior. Essa categoria privilegia o comprometimento, a autonomia, a prepara\u00e7\u00e3o t\u00e9cnica e psicol\u00f3gica envolvidos no jogo da escalada de parede.<\/p>\n<p><strong><em>Escalada Esportiva<\/em><\/strong> \u2013 incluindo a solu\u00e7\u00e3o de problemas de boulder, psicobloc e encadenamento de vias esportivas, realizadas de 01 de janeiro a 31 de dezembro do ano anterior. Essa categoria privilegia, sobretudo a supera\u00e7\u00e3o de problemas de alta dificuldade t\u00e9cnica, podendo envolver os componentes psicol\u00f3gicos de um highball e um psicobloc.<\/p>\n<p><strong><em>Montanhismo e Sociedade<\/em><\/strong> &#8211; Premia pessoas cujas a\u00e7\u00f5es ajudaram a preservar os valores do montanhismo, bem como o seu desenvolvimento e organiza\u00e7\u00e3o. Essa categoria busca privilegiar as a\u00e7\u00f5es de car\u00e1ter nacional, regional ou estadual, pode ser conferido a pessoas, institui\u00e7\u00f5es, gestores de Unidades de Conserva\u00e7\u00e3o, entre outros, desde que estejam ativos entre o per\u00edodo de 01 de janeiro a 31 de dezembro do ano anterior.<\/p>\n<p><strong><em>Montanhismo e a\u00e7\u00e3o local<\/em><\/strong>\u00a0&#8211; premia pessoas e institui\u00e7\u00f5es que realiza\u00e7\u00e3o importantes a\u00e7\u00f5es, de car\u00e1ter local, para o desenvolvimento do montanhismo ou para a conserva\u00e7\u00e3o ou recupera\u00e7\u00e3o de \u00e1reas de montanhas.<\/p>\n<p><strong><em>Vida na Montanha<\/em><\/strong>\u00a0&#8211; Premia montanhistas pelo conjunto da sua obra, suas realiza\u00e7\u00f5es e dedica\u00e7\u00e3o ao montanhismo.<\/p>\n<p>Anualmente, ser\u00e1 premiada uma pessoa\/entidade por categoria, que receber\u00e1 o trof\u00e9u Mosquet\u00e3o de Ouro no Rio nas Montanhas<\/p>\n","protected":false},"excerpt":{"rendered":"<p>Montanhismo Brasil \u2013 incluindo trilhas, travessias e feitos de montanhismo em territ\u00f3rio Brasileiro realizados de 01 de janeiro a 31 de dezembro de 2019. Essa&hellip;<\/p>\n","protected":false},"author":1,"featured_media":0,"parent":1144,"menu_order":0,"comment_status":"closed","ping_status":"closed","template":"","meta":{"footnotes":""},"class_list":["post-1540","page","type-page","status-publish","hentry"],"_links":{"self":[{"href":"https:\/\/cbme.org.br\/novo\/wp-json\/wp\/v2\/pages\/1540","targetHints":{"allow":["GET"]}}],"collection":[{"href":"https:\/\/cbme.org.br\/novo\/wp-json\/wp\/v2\/pages"}],"about":[{"href":"https:\/\/cbme.org.br\/novo\/wp-json\/wp\/v2\/types\/page"}],"author":[{"embeddable":true,"href":"https:\/\/cbme.org.br\/novo\/wp-json\/wp\/v2\/users\/1"}],"replies":[{"embeddable":true,"href":"https:\/\/cbme.org.br\/novo\/wp-json\/wp\/v2\/comments?post=1540"}],"version-history":[{"count":2,"href":"https:\/\/cbme.org.br\/novo\/wp-json\/wp\/v2\/pages\/1540\/revisions"}],"predecessor-version":[{"id":2420,"href":"https:\/\/cbme.org.br\/novo\/wp-json\/wp\/v2\/pages\/1540\/revisions\/2420"}],"up":[{"embeddable":true,"href":"https:\/\/cbme.org.br\/novo\/wp-json\/wp\/v2\/pages\/1144"}],"wp:attachment":[{"href":"https:\/\/cbme.org.br\/novo\/wp-json\/wp\/v2\/media?parent=1540"}],"curies":[{"name":"wp","href":"https:\/\/api.w.org\/{rel}","templated":true}]}}