{"id":1429,"date":"2017-01-23T21:56:33","date_gmt":"2017-01-23T21:56:33","guid":{"rendered":"https:\/\/cbme.org.br\/novo\/?page_id=1429"},"modified":"2026-01-24T09:53:13","modified_gmt":"2026-01-24T09:53:13","slug":"campeonato","status":"publish","type":"page","link":"https:\/\/cbme.org.br\/novo\/biblioteca\/campeonato\/","title":{"rendered":"Campeonato"},"content":{"rendered":"<ol>\n<li><a href=\"https:\/\/cbme.org.br\/novo\/wp-content\/uploads\/2017\/01\/Ofi\u0301cio-CBME2017.018-ABEE.pdf\">2017 &#8211; Ofi\u0301cio CBME: 2017\/018-Resposta \u00e0 ABEE<\/a><\/li>\n<li><a href=\"https:\/\/cbme.org.br\/novo\/wp-content\/uploads\/2017\/01\/2017-PROPOSTA_CBME_15_05_2017.docx\">2017 &#8211; Carta recebida da Associa\u00e7\u00e3o Brasileira de Escalada Esportiva<\/a><\/li>\n<li><a href=\"https:\/\/cbme.org.br\/novo\/wp-content\/uploads\/2017\/01\/CBME-COM-2017-01.pdf\">2017 &#8211; CBME-COM-2017-01 &#8211; Nota sobre campeonatos brasileiros de escalada<\/a><\/li>\n<li><a href=\"https:\/\/cbme.org.br\/novo\/wp-content\/uploads\/2017\/01\/CBME-COMP.2017.01-Regulamento.pdf\">2017 &#8211; CBME-COMP-2017\/01-Regulamento<\/a><\/li>\n<li><a href=\"https:\/\/cbme.org.br\/novo\/wp-content\/uploads\/2017\/01\/Comunicado-2016-01.pdf\">2016 &#8211; Esclarecimentos sobre o cancelamento do Campeonato Brasileiro de Boulder de 2016, Etapa Jogos Cariocas de Ver\u00e3o<\/a><\/li>\n<li><a href=\"https:\/\/cbme.org.br\/novo\/wp-content\/uploads\/2017\/01\/Comunicado-CBME-Campeonatos-2015.pdf\">2015- Comunicado CBME Campeonatos 2015<\/a>\u00a0(p\u00e1g 6 e 7)<\/li>\n<li><a href=\"https:\/\/cbme.org.br\/novo\/wp-content\/uploads\/2017\/01\/Indica\u00e7\u00e3o-de-eventos2015-CBME.pdf\">2015 \u2013 Indica\u00e7\u00e3o de atletas para o Bolsa Atleta<\/a><\/li>\n<li><a href=\"https:\/\/cbme.org.br\/novo\/wp-content\/uploads\/2017\/01\/Indica\u00e7\u00e3o-de-eventos2014-CBME.pdf\">2014 \u2013 Indica\u00e7\u00e3o de atletas para o Bolsa Atleta<\/a><\/li>\n<li><a href=\"https:\/\/cbme.org.br\/novo\/wp-content\/uploads\/2017\/01\/Carta-desfilia\u00e7\u00e3o-CBME-IFSC.pdf\">Carta de Desfilia\u00e7\u00e3o do IFSC<\/a><\/li>\n<li><a href=\"https:\/\/cbme.org.br\/novo\/wp-content\/uploads\/2017\/01\/2013-11-18-Disaffiliation-Letter.pdf\">Carta de Desfilia\u00e7\u00e3o &#8211; Ingl\u00eas<\/a><\/li>\n<li><a href=\"https:\/\/cbme.org.br\/novo\/wp-content\/uploads\/2017\/01\/CBME-COMP-2013-01.pdf\">CBME-COMP 2013-01 &#8211; Manual para realiza\u00e7\u00e3o de etapas do campeonato brasileiro de escalada<\/a><\/li>\n<li><a href=\"https:\/\/cbme.org.br\/novo\/wp-content\/uploads\/2017\/01\/CBME-COMP-2013-03.pdf\">2013- CBME-COMP 2013-03 &#8211; Descri\u00e7\u00e3o da fun\u00e7\u00e3o de cada cargo na equipe de organiza\u00e7\u00e3o de eventos<\/a><\/li>\n<li><a href=\"https:\/\/cbme.org.br\/novo\/wp-content\/uploads\/2017\/01\/declaracaoConfederacaoEsportesNaoOlimpicos-2012.pdf\">2012 &#8211; Of\u00edcio para Bolsa Atleta e Complemento<\/a><\/li>\n<li><a href=\"https:\/\/cbme.org.br\/novo\/wp-content\/uploads\/2017\/01\/2009-Ata-Reuniao-COMP.pdf\">2009 &#8211; Ata de Reuni\u00e3o Diretoria de Competi\u00e7\u00f5es<\/a><\/li>\n<li><a href=\"https:\/\/cbme.org.br\/novo\/wp-content\/uploads\/2017\/01\/2009-convocacao-atletas-juvenil.pdf\">2009 \u2013 Convoca\u00e7\u00e3o da Sele\u00e7\u00e3o Juvenil para Campeonato Mundial<\/a><\/li>\n<\/ol>\n<p><strong>Rankings:<\/strong><\/p>\n<ul>\n<li><strong><a href=\"https:\/\/femesc.org.br\/wp-content\/uploads\/2025\/11\/CLASSIFICACAO-GERAL-RCEE-2025.pdf\" target=\"_blank\" rel=\"noopener\">Ranking Bras 2025 &#8211; Classifica\u00e7\u00e3o Geral*<\/a><\/strong>\n<ul>\n<li><strong><a href=\"https:\/\/femesc.org.br\/wp-content\/uploads\/2025\/07\/RCEE-2025-Resultado-1-Etapa.pdf\" target=\"_blank\" rel=\"noopener\">1 Etapa &#8211; Joinville\/SC<\/a><\/strong><\/li>\n<li><strong><a href=\"https:\/\/femesc.org.br\/wp-content\/uploads\/2025\/07\/RCEE-2025-Resultado-2-Etapa.pdf\" target=\"_blank\" rel=\"noopener\">2 Etapa &#8211; Joiville\/SC<\/a><\/strong><\/li>\n<li><strong><a href=\"https:\/\/femesc.org.br\/wp-content\/uploads\/2025\/09\/Resultado-Final-3-Etapa-EL-CAPI-2025.pdf\" target=\"_blank\" rel=\"noopener\">3 Etapa &#8211; Blumenau\/SC<\/a><\/strong><\/li>\n<li><strong><a href=\"https:\/\/femesc.org.br\/wp-content\/uploads\/2025\/10\/Resultado-Final-4-Etapa-Camboriu-Aventura-2025.pdf\" target=\"_blank\" rel=\"noopener\">4 Etapa &#8211; Balne\u00e1rio Cambori\u00fa\/SC<\/a><\/strong><\/li>\n<li><strong><a href=\"https:\/\/femesc.org.br\/wp-content\/uploads\/2025\/11\/Resultado-Final-da-5a-Etapa-BC-2025.pdf\" target=\"_blank\" rel=\"noopener\">5 Etapa &#8211; Balne\u00e1rio Cambori\u00fa\/SC<\/a><\/strong><\/li>\n<\/ul>\n<\/li>\n<li><a href=\"https:\/\/cbme.org.br\/novo\/wp-content\/uploads\/2017\/01\/CBME-COMP2017-02-Ranking2017.pdf\">Ranking de boulder 2017<\/a><\/li>\n<li><a href=\"https:\/\/cbme.org.br\/novo\/wp-content\/uploads\/2017\/01\/Ranking-Bras-Boulder-2014.pdf\">Ranking Bras Boulder 2014<\/a><\/li>\n<li><a href=\"https:\/\/cbme.org.br\/novo\/wp-content\/uploads\/2017\/01\/Ranking-Bras-Boulder-2012.pdf\">Ranking Bras Boulder 2012<\/a><\/li>\n<li><a href=\"https:\/\/cbme.org.br\/novo\/wp-content\/uploads\/2017\/01\/Ranking-Bras-2009.pdf\">Ranking Bras 2009<\/a><\/li>\n<li><a href=\"https:\/\/cbme.org.br\/novo\/wp-content\/uploads\/2017\/01\/Ranking-Bras-2008.pdf\">Ranking Bras 2008<\/a><\/li>\n<li><a href=\"https:\/\/cbme.org.br\/novo\/wp-content\/uploads\/2017\/01\/Ranking-Bras-2007.pdf\">Ranking Bras 2007<\/a><\/li>\n<li><a href=\"https:\/\/cbme.org.br\/novo\/wp-content\/uploads\/2017\/01\/Ranking-Bras-2006.pdf\">Ranking Bras 2006<\/a><\/li>\n<li><a href=\"https:\/\/cbme.org.br\/novo\/wp-content\/uploads\/2017\/01\/Ranking-Bras-2005.pdf\">Ranking Bras 2005<\/a><\/li>\n<li><a href=\"https:\/\/cbme.org.br\/novo\/wp-content\/uploads\/2017\/01\/Ranking-Bras-2004.pdf\">Ranking Bras 2004<\/a><\/li>\n<li><a href=\"https:\/\/cbme.org.br\/novo\/wp-content\/uploads\/2017\/01\/Ranking-Bras-2003.pdf\">Ranking Bras 2003<\/a><\/li>\n<\/ul>\n<p><strong><em>*AS Etapas do Ranking Catarinense de 2025, bem como a classifica\u00e7\u00e3o geral do mesmo, foram validadas como Ranking Brasileiro por ser o \u00fanico estado que realizou uma programa\u00e7\u00e3o completa atrav\u00e9s do sistema federativo da CBME para este ano. Podendo os atletas de outros estados participarem do mesmo.<\/em><\/strong><\/p>\n","protected":false},"excerpt":{"rendered":"<p>2017 &#8211; Ofi\u0301cio CBME: 2017\/018-Resposta \u00e0 ABEE 2017 &#8211; Carta recebida da Associa\u00e7\u00e3o Brasileira de Escalada Esportiva 2017 &#8211; CBME-COM-2017-01 &#8211; Nota sobre campeonatos brasileiros&hellip;<\/p>\n","protected":false},"author":1,"featured_media":0,"parent":1420,"menu_order":0,"comment_status":"closed","ping_status":"closed","template":"","meta":{"footnotes":""},"class_list":["post-1429","page","type-page","status-publish","hentry"],"_links":{"self":[{"href":"https:\/\/cbme.org.br\/novo\/wp-json\/wp\/v2\/pages\/1429","targetHints":{"allow":["GET"]}}],"collection":[{"href":"https:\/\/cbme.org.br\/novo\/wp-json\/wp\/v2\/pages"}],"about":[{"href":"https:\/\/cbme.org.br\/novo\/wp-json\/wp\/v2\/types\/page"}],"author":[{"embeddable":true,"href":"https:\/\/cbme.org.br\/novo\/wp-json\/wp\/v2\/users\/1"}],"replies":[{"embeddable":true,"href":"https:\/\/cbme.org.br\/novo\/wp-json\/wp\/v2\/comments?post=1429"}],"version-history":[{"count":9,"href":"https:\/\/cbme.org.br\/novo\/wp-json\/wp\/v2\/pages\/1429\/revisions"}],"predecessor-version":[{"id":2811,"href":"https:\/\/cbme.org.br\/novo\/wp-json\/wp\/v2\/pages\/1429\/revisions\/2811"}],"up":[{"embeddable":true,"href":"https:\/\/cbme.org.br\/novo\/wp-json\/wp\/v2\/pages\/1420"}],"wp:attachment":[{"href":"https:\/\/cbme.org.br\/novo\/wp-json\/wp\/v2\/media?parent=1429"}],"curies":[{"name":"wp","href":"https:\/\/api.w.org\/{rel}","templated":true}]}}