{"id":1423,"date":"2017-01-23T21:55:45","date_gmt":"2017-01-23T21:55:45","guid":{"rendered":"https:\/\/cbme.org.br\/novo\/?page_id=1423"},"modified":"2017-02-01T23:54:16","modified_gmt":"2017-02-01T23:54:16","slug":"documentos-tecnicos","status":"publish","type":"page","link":"https:\/\/cbme.org.br\/novo\/biblioteca\/documentos-tecnicos\/","title":{"rendered":"Documentos T\u00e9cnicos"},"content":{"rendered":"<ol>\n<li><a href=\"https:\/\/cbme.org.br\/novo\/wp-content\/uploads\/2017\/01\/STE-2013-01-Seg-das-paradas.pdf\">Assegurando desde a Parada&nbsp;(FEMERJ: N\u00ba STE-2013\/01)<\/a><\/li>\n<li><a href=\"https:\/\/cbme.org.br\/novo\/wp-content\/uploads\/2017\/01\/CBME_DT_2016_01-1.pdf\">CBME: DT-2016\/01 &#8211; Gradua\u00e7\u00e3o Brasileira de Vias de Escalada<\/a><\/li>\n<li><a href=\"https:\/\/cbme.org.br\/novo\/wp-content\/uploads\/2017\/01\/guias_voluntarios_cbme_01.pdf\">Padr\u00f5es de Compet\u00eancia para Guias Volunt\u00e1rios<\/a><\/li>\n<li><a href=\"https:\/\/cbme.org.br\/novo\/wp-content\/uploads\/2017\/01\/classifica\u00e7\u00e3o-trilhas-v6.1.pdf\">FEMERJ: STE-2015\/01 &#8211; Metodologia de Classifica\u00e7\u00e3o de Trilhas.<\/a><\/li>\n<li><a href=\"https:\/\/cbme.org.br\/novo\/biblioteca\/normas-de-qualificacao-de-profissionais-de-montanhismo-e-escalada\/\">PROGRAMA DE&nbsp;QUALIFICA\u00c7\u00c3O DE PROFISSIONAIS DE MONTANHISMO E ESCALADA<\/a><\/li>\n<li><a href=\"https:\/\/cbme.org.br\/novo\/wp-content\/uploads\/2017\/01\/a_introducao_dos_grampos_de_titanio_no_brasil.pdf\">A introdu\u00e7\u00e3o dos grampos de tit\u00e2nio no Brasil<\/a><\/li>\n<li><a href=\"https:\/\/cbme.org.br\/novo\/wp-content\/uploads\/2017\/01\/Estudo_Preliminar_Sobre_Corros\u00e3o_em_Acos_Inoxidaveis_Austeniticos_a_Beira_Mar_no_Brasil.pdf\">Estudo Preliminar Sobre a Corros\u00e3o em A\u00e7os Inoxid\u00e1veis Austen\u00edticos a Beira Mar no Brasil<\/a><\/li>\n<li><a href=\"https:\/\/cbme.org.br\/novo\/wp-content\/uploads\/2017\/01\/Estudos_sobre_corrosao_dos_acos_DIN_14404_14410_por_Cloretos.pdf\">Estudos sobre a corros\u00e3o dos a\u00e7os DIN 1.4404 e DIN 1.4410 em solu\u00e7\u00f5es de cloreto<\/a><\/li>\n<li><a href=\"https:\/\/cbme.org.br\/novo\/wp-content\/uploads\/2017\/01\/Laudo_Analise_Grampo_Italianos.pdf\">An\u00e1lise de um Grampo Fraturado Durante uma Queda de Guia na Via dos Italianos, Face Oeste do P\u00e3o de A\u00e7ucar <\/a><\/li>\n<li><a href=\"https:\/\/cbme.org.br\/novo\/wp-content\/uploads\/2017\/01\/O_Direito_ao_Risco_Versao_Integral.pdf\">O Direito ao Risco<\/a><\/li>\n<li><a href=\"https:\/\/cbme.org.br\/novo\/wp-content\/uploads\/2017\/01\/Relatorio_de_inspecao_13179_estudo_corrosao_b1.pdf\">Relatorio de inspe\u00e7\u00e3o 13179 estudo corros\u00e3o b1<\/a><\/li>\n<li><a href=\"https:\/\/cbme.org.br\/novo\/wp-content\/uploads\/2017\/01\/SCC_atmosfera_marinha_prote\u00e7\u00f5es_aco_inoxid\u00e1vel_nao_sensitizado.pdf\">SCC (ou Corros\u00e3o sob Tens\u00e3o) causada por atmosfera marinha em prote\u00e7\u00f5es fixas de escalada em rocha feitas de a\u00e7o inoxid\u00e1vel n\u00e3o sensitizado SCC (ou Corros\u00e3o sob Tens\u00e3o) causada por atmosfera marinha em prote\u00e7\u00f5es fixas de escalada em rocha feitas de a\u00e7o inoxid\u00e1vel n\u00e3o sensitizado<\/a><\/li>\n<li><a href=\"https:\/\/cbme.org.br\/novo\/wp-content\/uploads\/2017\/01\/UIAA_123_Rock_anchors_March_2013.pdf\">UIAA 123 Rock anchors \u2013 Mar\u00e7o 2013<\/a><\/li>\n<\/ol>\n<p>&nbsp;<\/p>\n","protected":false},"excerpt":{"rendered":"<p>Assegurando desde a Parada&nbsp;(FEMERJ: N\u00ba STE-2013\/01) CBME: DT-2016\/01 &#8211; Gradua\u00e7\u00e3o Brasileira de Vias de Escalada Padr\u00f5es de Compet\u00eancia para Guias Volunt\u00e1rios FEMERJ: STE-2015\/01 &#8211; Metodologia&hellip;<\/p>\n","protected":false},"author":1,"featured_media":0,"parent":1420,"menu_order":0,"comment_status":"closed","ping_status":"closed","template":"","meta":{"footnotes":""},"class_list":["post-1423","page","type-page","status-publish","hentry"],"_links":{"self":[{"href":"https:\/\/cbme.org.br\/novo\/wp-json\/wp\/v2\/pages\/1423","targetHints":{"allow":["GET"]}}],"collection":[{"href":"https:\/\/cbme.org.br\/novo\/wp-json\/wp\/v2\/pages"}],"about":[{"href":"https:\/\/cbme.org.br\/novo\/wp-json\/wp\/v2\/types\/page"}],"author":[{"embeddable":true,"href":"https:\/\/cbme.org.br\/novo\/wp-json\/wp\/v2\/users\/1"}],"replies":[{"embeddable":true,"href":"https:\/\/cbme.org.br\/novo\/wp-json\/wp\/v2\/comments?post=1423"}],"version-history":[{"count":4,"href":"https:\/\/cbme.org.br\/novo\/wp-json\/wp\/v2\/pages\/1423\/revisions"}],"predecessor-version":[{"id":1598,"href":"https:\/\/cbme.org.br\/novo\/wp-json\/wp\/v2\/pages\/1423\/revisions\/1598"}],"up":[{"embeddable":true,"href":"https:\/\/cbme.org.br\/novo\/wp-json\/wp\/v2\/pages\/1420"}],"wp:attachment":[{"href":"https:\/\/cbme.org.br\/novo\/wp-json\/wp\/v2\/media?parent=1423"}],"curies":[{"name":"wp","href":"https:\/\/api.w.org\/{rel}","templated":true}]}}