{"id":1420,"date":"2017-01-23T21:54:59","date_gmt":"2017-01-23T21:54:59","guid":{"rendered":"https:\/\/cbme.org.br\/novo\/?page_id=1420"},"modified":"2025-03-25T18:58:48","modified_gmt":"2025-03-25T18:58:48","slug":"biblioteca","status":"publish","type":"page","link":"https:\/\/cbme.org.br\/novo\/biblioteca\/","title":{"rendered":"Biblioteca"},"content":{"rendered":"<p><a href=\"https:\/\/cbme.org.br\/novo\/biblioteca\/acesso\/\">Acesso<\/a><\/p>\n<p><a href=\"https:\/\/cbme.org.br\/novo\/biblioteca\/administrativos\/\">Administrativos<\/a><\/p>\n<p><a href=\"https:\/\/cbme.org.br\/novo\/biblioteca\/campeonato\/\">Campeonato<\/a><\/p>\n<p><a href=\"https:\/\/cbme.org.br\/novo\/?page_id=1611&amp;preview=true\">Comunicados e Posicionamentos Oficiais<\/a><\/p>\n<p><a href=\"https:\/\/cbme.org.br\/novo\/biblioteca\/documentos-tecnicos\/\">Documentos T\u00e9cnicos<\/a><\/p>\n<p><a href=\"https:\/\/cbme.org.br\/novo\/biblioteca\/financeiros\/\">Financeiros<\/a><\/p>\n<p><a href=\"https:\/\/cbme.org.br\/novo\/biblioteca\/manejo-de-areas-naturais\/\">Manejo de \u00c1reas Naturais<\/a><\/p>\n<p><a href=\"https:\/\/cbme.org.br\/novo\/qualificacao-de-profissionais-de-montanhismo-e-escalada\/\" target=\"_blank\" rel=\"noopener noreferrer\">Programa de Qualifica\u00e7\u00e3o de Profissionais de Montanhismo e Escalada<\/a><\/p>\n<p><a href=\"https:\/\/cbme.org.br\/novo\/biblioteca\/resultados-sbm-2012\/\">Resultados SBM 2012<\/a><\/p>\n<p><a href=\"https:\/\/cbme.org.br\/novo\/biblioteca\/resultados-sbm-2015\/\">Resultados SBM 2015<\/a><\/p>\n<p>&nbsp;<\/p>\n<p>&nbsp;<\/p>\n<p>&nbsp;<\/p>\n<p>&nbsp;<\/p>\n<p>&nbsp;<\/p>\n<p>&nbsp;<\/p>\n","protected":false},"excerpt":{"rendered":"<p>Acesso Administrativos Campeonato Comunicados e Posicionamentos Oficiais Documentos T\u00e9cnicos Financeiros Manejo de \u00c1reas Naturais Programa de Qualifica\u00e7\u00e3o de Profissionais de Montanhismo e Escalada Resultados SBM&hellip;<\/p>\n","protected":false},"author":1,"featured_media":0,"parent":0,"menu_order":0,"comment_status":"closed","ping_status":"closed","template":"","meta":{"footnotes":""},"class_list":["post-1420","page","type-page","status-publish","hentry"],"_links":{"self":[{"href":"https:\/\/cbme.org.br\/novo\/wp-json\/wp\/v2\/pages\/1420","targetHints":{"allow":["GET"]}}],"collection":[{"href":"https:\/\/cbme.org.br\/novo\/wp-json\/wp\/v2\/pages"}],"about":[{"href":"https:\/\/cbme.org.br\/novo\/wp-json\/wp\/v2\/types\/page"}],"author":[{"embeddable":true,"href":"https:\/\/cbme.org.br\/novo\/wp-json\/wp\/v2\/users\/1"}],"replies":[{"embeddable":true,"href":"https:\/\/cbme.org.br\/novo\/wp-json\/wp\/v2\/comments?post=1420"}],"version-history":[{"count":14,"href":"https:\/\/cbme.org.br\/novo\/wp-json\/wp\/v2\/pages\/1420\/revisions"}],"predecessor-version":[{"id":2783,"href":"https:\/\/cbme.org.br\/novo\/wp-json\/wp\/v2\/pages\/1420\/revisions\/2783"}],"wp:attachment":[{"href":"https:\/\/cbme.org.br\/novo\/wp-json\/wp\/v2\/media?parent=1420"}],"curies":[{"name":"wp","href":"https:\/\/api.w.org\/{rel}","templated":true}]}}