{"id":1202,"date":"2016-12-26T14:21:07","date_gmt":"2016-12-26T14:21:07","guid":{"rendered":"https:\/\/cbme.org.br\/novo\/?page_id=1202"},"modified":"2018-10-01T15:10:13","modified_gmt":"2018-10-01T15:10:13","slug":"pessoa-fisica-como-se-associar","status":"publish","type":"page","link":"https:\/\/cbme.org.br\/novo\/pessoa-fisica-como-se-associar\/","title":{"rendered":"Pessoa F\u00edsica &#8211; Como se Associar"},"content":{"rendered":"<p><strong>Associe-se \u00e0 CBME.<br \/>\n<\/strong>A CBME filia e associa pessoas f\u00edsicas atrav\u00e9s das entidades filiadas ou associadas.\u00a0Para se filiar como pessoa f\u00edsica, voc\u00ea deve procurar a entidade filiada do seu estado e, uma vez inscrito e adimplente para com esta entidade, voc\u00ea estar\u00e1 automaticamente filiado \u00e1 CBME<strong>:<\/strong><\/p>\n<hr \/>\n<p><strong>S\u00c3O PAULO<\/strong><\/p>\n<table>\n<tbody>\n<tr>\n<td><a href=\"https:\/\/cbme.org.br\/novo\/wp-content\/uploads\/2017\/12\/download.png\" data-rel=\"penci-gallery-image-content\" ><img fetchpriority=\"high\" decoding=\"async\" class=\"alignnone wp-image-2032 size-full\" src=\"https:\/\/cbme.org.br\/novo\/wp-content\/uploads\/2017\/12\/download.png\" alt=\"\" width=\"225\" height=\"225\" \/><\/a><\/td>\n<td><strong>Federa\u00e7\u00e3o de Montanhismo do\u00a0Estado de S\u00e3o Paulo<\/strong><\/p>\n<p><a href=\"https:\/\/www.google.com\/url?q=http:\/\/www.femesp.org\/&amp;sa=D&amp;ust=1444834271236000&amp;usg=AFQjCNHVxNen5q1iKYYPYeLtDnVjj6rOIw\" target=\"_blank\" rel=\"noopener noreferrer\">http:\/\/www.femesp.org\/<\/a><\/p>\n<p>R. Afonso Jos\u00e9 de Carvalho, 140 &#8211; S\u00e3o Paulo\/SP. CEP: 05451-000<\/td>\n<\/tr>\n<\/tbody>\n<\/table>\n<hr \/>\n<p><strong>RIO DE JANEIRO<\/strong><\/p>\n<table>\n<tbody>\n<tr>\n<td><a href=\"www.femerj.org\/\"><img decoding=\"async\" class=\"alignnone wp-image-2006 size-medium\" src=\"https:\/\/cbme.org.br\/novo\/wp-content\/uploads\/2017\/12\/Femerj_RGB-236x300.png\" alt=\"\" width=\"236\" height=\"300\" srcset=\"https:\/\/cbme.org.br\/novo\/wp-content\/uploads\/2017\/12\/Femerj_RGB-236x300.png 236w, https:\/\/cbme.org.br\/novo\/wp-content\/uploads\/2017\/12\/Femerj_RGB-768x975.png 768w, https:\/\/cbme.org.br\/novo\/wp-content\/uploads\/2017\/12\/Femerj_RGB-807x1024.png 807w, https:\/\/cbme.org.br\/novo\/wp-content\/uploads\/2017\/12\/Femerj_RGB-585x743.png 585w, https:\/\/cbme.org.br\/novo\/wp-content\/uploads\/2017\/12\/Femerj_RGB.png 1150w\" sizes=\"(max-width: 236px) 100vw, 236px\" \/><\/a><\/td>\n<td class=\"row-header-wrapper\"><strong>Federa\u00e7\u00e3o de Montanhismo do\u00a0 Estado do Rio de Janeiro<\/strong><\/p>\n<p><a href=\"https:\/\/www.google.com\/url?q=http:\/\/www.femerj.org&amp;sa=D&amp;ust=1444834271237000&amp;usg=AFQjCNEdSJVDSzZUI46PYdjZKU2LPFOd0A\" target=\"_blank\" rel=\"noopener noreferrer\">http:\/\/www.femerj.org<\/a><\/p>\n<p>Av. Rio Branco, 277\/805 (parte), Centro &#8211; Rio de Janeiro\/RJ. CEP: 20047-900<\/td>\n<\/tr>\n<\/tbody>\n<\/table>\n<hr \/>\n<p><strong>PARAN\u00c1<\/strong><\/p>\n<table>\n<tbody>\n<tr>\n<td><a href=\"https:\/\/cbme.org.br\/novo\/wp-content\/uploads\/2016\/12\/logo-fepam.png\" data-rel=\"penci-gallery-image-content\" ><img decoding=\"async\" class=\"alignnone wp-image-1205\" src=\"https:\/\/cbme.org.br\/novo\/wp-content\/uploads\/2016\/12\/logo-fepam.png\" alt=\"\" width=\"251\" height=\"193\" \/><\/a><\/td>\n<td class=\"row-header-wrapper\"><strong>Federa\u00e7\u00e3o Paranaense de Montanhismo<\/strong><\/p>\n<p><a href=\"https:\/\/www.google.com\/url?q=http:\/\/www.fepampr.org.br&amp;sa=D&amp;ust=1444834271237000&amp;usg=AFQjCNGJ0o7KspgNxQAVLrlG61RiIXaHuw\" target=\"_blank\" rel=\"noopener noreferrer\">http:\/\/www.fepampr.org.br<\/a><\/p>\n<p>R. Fl\u00e1vio Dallegrave, 5044 &#8211; Boa Vista, Curitiba\/PR.\u00a0 CEP: 82540-010<\/td>\n<\/tr>\n<\/tbody>\n<\/table>\n<hr \/>\n<p><strong>RIO GRANDE DO SUL<\/strong><\/p>\n<table>\n<tbody>\n<tr>\n<td><a href=\"https:\/\/cbme.org.br\/novo\/wp-content\/uploads\/2017\/12\/logo-FGM-novo-1.jpg\" data-rel=\"penci-gallery-image-content\" ><img loading=\"lazy\" decoding=\"async\" class=\"wp-image-2003 aligncenter\" src=\"https:\/\/cbme.org.br\/novo\/wp-content\/uploads\/2017\/12\/logo-FGM-novo-1-300x300.jpg\" alt=\"\" width=\"250\" height=\"250\" \/><\/a><\/td>\n<td class=\"row-header-wrapper\"><strong>Federa\u00e7\u00e3o Ga\u00facha de Montanhismo<\/strong><\/p>\n<p><a href=\"https:\/\/www.google.com\/url?q=http:\/\/www.fgm.org.br&amp;sa=D&amp;ust=1444834271237000&amp;usg=AFQjCNGJ0o7KspgNxQAVLrlG61RiIXaHuw\" target=\"_blank\" rel=\"noopener noreferrer\">http:\/\/www.fgm.org.br\/<\/a><\/p>\n<p>Av. Crist\u00f3v\u00e3o Colombo, 2054\/02 &#8211; Floresta, Porto Alegre\/RS. CEP: 90560-002<\/td>\n<\/tr>\n<\/tbody>\n<\/table>\n<hr \/>\n<p><strong>MINAS GERAIS<\/strong><\/p>\n<table>\n<tbody>\n<tr>\n<td><a href=\"https:\/\/cbme.org.br\/novo\/wp-content\/uploads\/2016\/12\/FEMEMG.jpg.jpg\" data-rel=\"penci-gallery-image-content\" ><img loading=\"lazy\" decoding=\"async\" class=\"alignnone wp-image-1206\" src=\"https:\/\/cbme.org.br\/novo\/wp-content\/uploads\/2016\/12\/FEMEMG.jpg.jpg\" alt=\"\" width=\"250\" height=\"186\" \/><\/a><\/td>\n<td class=\"row-header-wrapper\"><strong>Federa\u00e7\u00e3o de Montanhismo e Escalada de Minas Gerais<\/strong><\/p>\n<p><a href=\"http:\/\/www.fememg.com.br\/\">http:\/\/www.fememg.com.br\/<\/a><\/p>\n<p>&nbsp;<\/td>\n<\/tr>\n<\/tbody>\n<\/table>\n<hr \/>\n<p><strong>SANTA CATARINA<\/strong><\/p>\n<table>\n<tbody>\n<tr>\n<td><a href=\"http:\/\/www.femesc.org.br\/\"><img loading=\"lazy\" decoding=\"async\" class=\"alignnone wp-image-1207\" src=\"https:\/\/cbme.org.br\/novo\/wp-content\/uploads\/2016\/12\/femesc-300x300.jpg\" alt=\"\" width=\"250\" height=\"250\" srcset=\"https:\/\/cbme.org.br\/novo\/wp-content\/uploads\/2016\/12\/femesc-300x300.jpg 200w, https:\/\/cbme.org.br\/novo\/wp-content\/uploads\/2016\/12\/femesc-300x300-150x150.jpg 150w\" sizes=\"(max-width: 250px) 100vw, 250px\" \/><\/a><\/td>\n<td>\n<div>FEMESC &#8211; Federa\u00e7\u00e3o de Montanhismo e Escalada do\u00a0ESTADO de Santa Catarina<\/div>\n<div>Endere\u00e7o: Rua Mario Candido da Silva, SN &#8211; Anexo a PM Ambiental, Abra\u00e3o, Florian\u00f3polis-SC CEP 88085-475<\/div>\n<div><a href=\"http:\/\/www.femesc.org.br\/\" target=\"_blank\" rel=\"noopener\" data-saferedirecturl=\"https:\/\/www.google.com\/url?hl=en&amp;q=http:\/\/www.femesc.org.br\/&amp;source=gmail&amp;ust=1513865891452000&amp;usg=AFQjCNFX3VQocPt8VZP2e--9i8-fqqwtxA\">www.femesc.org.br<\/a><\/div>\n<\/td>\n<\/tr>\n<\/tbody>\n<\/table>\n<hr \/>\n<p><strong>CEAR\u00c1<\/strong><\/p>\n<table>\n<tbody>\n<tr>\n<td><a href=\"https:\/\/cbme.org.br\/novo\/wp-content\/uploads\/2016\/12\/Femece_3012009_71452.jpg\" data-rel=\"penci-gallery-image-content\" ><img loading=\"lazy\" decoding=\"async\" class=\"alignnone wp-image-1208\" src=\"https:\/\/cbme.org.br\/novo\/wp-content\/uploads\/2016\/12\/Femece_3012009_71452.jpg\" alt=\"\" width=\"250\" height=\"241\" srcset=\"https:\/\/cbme.org.br\/novo\/wp-content\/uploads\/2016\/12\/Femece_3012009_71452.jpg 365w, https:\/\/cbme.org.br\/novo\/wp-content\/uploads\/2016\/12\/Femece_3012009_71452-300x288.jpg 300w\" sizes=\"(max-width: 250px) 100vw, 250px\" \/><\/a><\/td>\n<td><strong>Federa\u00e7\u00e3o de Montanhismo e Escalada do Estado do Cear\u00e1<\/strong><\/p>\n<p>R. Pompeu Cavalcante, 116 &#8211; Ellery, Fortaleza\/CE. CEP: 60320-270<\/td>\n<\/tr>\n<\/tbody>\n<\/table>\n<hr \/>\n<p><strong>ESP\u00cdRITO SANTO<\/strong><\/p>\n<table>\n<tbody>\n<tr>\n<td><a href=\"https:\/\/cbme.org.br\/novo\/wp-content\/uploads\/2016\/12\/logoAce.gif\" data-rel=\"penci-gallery-image-content\" ><img loading=\"lazy\" decoding=\"async\" class=\"alignnone wp-image-1209\" src=\"https:\/\/cbme.org.br\/novo\/wp-content\/uploads\/2016\/12\/logoAce.gif\" alt=\"\" width=\"250\" height=\"177\" \/><\/a><\/td>\n<td><strong>Associa\u00e7\u00e3o Capixaba de Escalada<\/strong><\/p>\n<p>R. Ant\u00f4nio Gil Veloso, 137 &#8211; Santa Cec\u00edlia, Vit\u00f3ria\/ES. CEP:\u00a0 29043-235<\/td>\n<\/tr>\n<\/tbody>\n<\/table>\n<hr \/>\n<p><strong>RIO GRANDE DO NORTE<\/strong><\/p>\n<table>\n<tbody>\n<tr>\n<td><a href=\"https:\/\/cbme.org.br\/novo\/wp-content\/uploads\/2016\/12\/AER.jpg\" data-rel=\"penci-gallery-image-content\" ><img loading=\"lazy\" decoding=\"async\" class=\"alignnone size-full wp-image-1210\" src=\"https:\/\/cbme.org.br\/novo\/wp-content\/uploads\/2016\/12\/AER.jpg\" alt=\"\" width=\"526\" height=\"153\" srcset=\"https:\/\/cbme.org.br\/novo\/wp-content\/uploads\/2016\/12\/AER.jpg 526w, https:\/\/cbme.org.br\/novo\/wp-content\/uploads\/2016\/12\/AER-300x87.jpg 300w\" sizes=\"(max-width: 526px) 100vw, 526px\" \/><\/a><\/td>\n<td><strong>Associa\u00e7\u00e3o de Escaladores do Rio Grande do Norte<\/strong><\/p>\n<p>R. Praia da Pipa, 01 \u2013 Pium, N\u00edsia Floresta\/RN. CEP: 59164-000<\/td>\n<\/tr>\n<\/tbody>\n<\/table>\n<hr \/>\n<p><strong>BAHIA<\/strong><\/p>\n<table>\n<tbody>\n<tr>\n<td><\/td>\n<td><strong>Clube Baiano de Montanhismo<\/strong><\/p>\n<p>R. Papa Jo\u00e3o XXIII, s\/n &#8211; Residencial Santo Expedito &#8211; Bloco 9 -, APTO 301 &#8211; Jardim Ac\u00e1cia, Feira de Santana\/BA. CEP: 44075-370<\/td>\n<\/tr>\n<\/tbody>\n<\/table>\n","protected":false},"excerpt":{"rendered":"<p>Associe-se \u00e0 CBME. A CBME filia e associa pessoas f\u00edsicas atrav\u00e9s das entidades filiadas ou associadas.\u00a0Para se filiar como pessoa f\u00edsica, voc\u00ea deve procurar a&hellip;<\/p>\n","protected":false},"author":1,"featured_media":0,"parent":0,"menu_order":0,"comment_status":"closed","ping_status":"closed","template":"page-sidebar.php","meta":{"footnotes":""},"class_list":["post-1202","page","type-page","status-publish","hentry"],"_links":{"self":[{"href":"https:\/\/cbme.org.br\/novo\/wp-json\/wp\/v2\/pages\/1202","targetHints":{"allow":["GET"]}}],"collection":[{"href":"https:\/\/cbme.org.br\/novo\/wp-json\/wp\/v2\/pages"}],"about":[{"href":"https:\/\/cbme.org.br\/novo\/wp-json\/wp\/v2\/types\/page"}],"author":[{"embeddable":true,"href":"https:\/\/cbme.org.br\/novo\/wp-json\/wp\/v2\/users\/1"}],"replies":[{"embeddable":true,"href":"https:\/\/cbme.org.br\/novo\/wp-json\/wp\/v2\/comments?post=1202"}],"version-history":[{"count":5,"href":"https:\/\/cbme.org.br\/novo\/wp-json\/wp\/v2\/pages\/1202\/revisions"}],"predecessor-version":[{"id":2211,"href":"https:\/\/cbme.org.br\/novo\/wp-json\/wp\/v2\/pages\/1202\/revisions\/2211"}],"wp:attachment":[{"href":"https:\/\/cbme.org.br\/novo\/wp-json\/wp\/v2\/media?parent=1202"}],"curies":[{"name":"wp","href":"https:\/\/api.w.org\/{rel}","templated":true}]}}