{"id":1196,"date":"2016-12-26T14:13:49","date_gmt":"2016-12-26T14:13:49","guid":{"rendered":"https:\/\/cbme.org.br\/novo\/?page_id=1196"},"modified":"2025-12-31T13:34:32","modified_gmt":"2025-12-31T13:34:32","slug":"entidades-filiadas","status":"publish","type":"page","link":"https:\/\/cbme.org.br\/novo\/entidades-filiadas\/","title":{"rendered":"Entidades Filiadas"},"content":{"rendered":"\r\n<div class=\"wp-block-file\"><a href=\"https:\/\/cbme.org.br\/novo\/wp-content\/uploads\/2019\/11\/Rede-federativa-Site.xlsx\">Rede federativa Site<\/a><a class=\"wp-block-file__button\" href=\"https:\/\/cbme.org.br\/novo\/wp-content\/uploads\/2019\/11\/Rede-federativa-Site.xlsx\" download=\"\">Baixar<\/a><\/div>\r\n\r\n\r\n\r\n<figure class=\"wp-block-table is-style-stripes\">\r\n<table style=\"width: 100.145%; height: 1803px;\">\r\n<tbody>\r\n<tr style=\"height: 21px;\">\r\n<td style=\"width: 19.3922%; height: 21px;\"><strong>FEDERA\u00c7\u00c3O<\/strong><\/td>\r\n<td style=\"width: 33.5745%; height: 21px;\"><strong>CLUBES<\/strong><\/td>\r\n<td style=\"width: 47.0333%; height: 21px;\"><strong>SITE<\/strong><\/td>\r\n<\/tr>\r\n<tr style=\"height: 21px;\">\r\n<td style=\"width: 52.9667%; height: 21px;\" colspan=\"2\"><strong>FGM &#8211; Federa\u00e7\u00e3o Gaucha de Montanhismo<\/strong><\/td>\r\n<td style=\"width: 47.0333%; height: 21px;\"><strong><a href=\"http:\/\/www.fgm.org.br\/\" target=\"_blank\" rel=\"noopener\">http:\/\/www.fgm.org.br\/<\/a><\/strong><\/td>\r\n<\/tr>\r\n<tr style=\"height: 42px;\">\r\n<td style=\"width: 19.3922%; height: 42px;\">\u00a0<\/td>\r\n<td style=\"width: 33.5745%; height: 42px;\">AMES &#8211; Associa\u00e7\u00e3o de Montanhistas de Esteio<\/td>\r\n<td style=\"width: 47.0333%; height: 42px;\"><a href=\"https:\/\/montanhismoames7.wixsite.com\/ames\" target=\"_blank\" rel=\"noreferrer noopener\">https:\/\/montanhismoames7.wixsite.com\/ames<\/a><\/td>\r\n<\/tr>\r\n<tr style=\"height: 42px;\">\r\n<td style=\"width: 19.3922%; height: 42px;\">\u00a0<\/td>\r\n<td style=\"width: 33.5745%; height: 42px;\">ACM &#8211; Associa\u00e7\u00e3o Caxiense de Montanhismo<\/td>\r\n<td style=\"width: 47.0333%; height: 42px;\"><a href=\"http:\/\/www.acm-rs.org.br\/\" target=\"_blank\" rel=\"noreferrer noopener\">http:\/\/www.acm-rs.org.br\/<\/a><\/td>\r\n<\/tr>\r\n<tr style=\"height: 42px;\">\r\n<td style=\"width: 19.3922%; height: 42px;\">\u00a0<\/td>\r\n<td style=\"width: 33.5745%; height: 42px;\">CEU &#8211; Centro Excursionista Universit\u00e1rio<\/td>\r\n<td style=\"width: 47.0333%; height: 42px;\"><a href=\"https:\/\/www.ceubrasil.org.br\/\" target=\"_blank\" rel=\"noopener\">https:\/\/www.ceubrasil.org.br\/<\/a><\/td>\r\n<\/tr>\r\n<tr style=\"height: 21px;\">\r\n<td style=\"width: 19.3922%; height: 21px;\">\u00a0<\/td>\r\n<td style=\"width: 33.5745%; height: 21px;\">\u00a0<\/td>\r\n<td style=\"width: 47.0333%; height: 21px;\">\u00a0<\/td>\r\n<\/tr>\r\n<tr style=\"height: 42px;\">\r\n<td style=\"width: 52.9667%; height: 42px;\" colspan=\"2\"><strong>FEMESC &#8211; Federa\u00e7\u00e3o de Montanhismo e Escalada do Estado de Santa Catarina<\/strong><\/td>\r\n<td style=\"width: 47.0333%; height: 42px;\"><a href=\"http:\/\/www.femesc.org.br\/\" target=\"_blank\" rel=\"noopener\"><strong>http:\/\/www.femesc.org.br\/<\/strong><\/a><\/td>\r\n<\/tr>\r\n<tr style=\"height: 63px;\">\r\n<td style=\"width: 19.3922%; height: 63px;\">\u00a0<\/td>\r\n<td style=\"width: 33.5745%; height: 63px;\">ACEM &#8211; Associa\u00e7\u00e3o Catarinense de Escalada e Montanhismo<\/td>\r\n<td style=\"width: 47.0333%; height: 63px;\"><a href=\"http:\/\/www.acem.org.br\/\" target=\"_blank\" rel=\"noreferrer noopener\">http:\/\/www.acem.org.br\/<\/a><\/td>\r\n<\/tr>\r\n<tr style=\"height: 42px;\">\r\n<td style=\"width: 19.3922%; height: 42px;\">\u00a0<\/td>\r\n<td style=\"width: 33.5745%; height: 42px;\">ASGEM &#8211; Associa\u00e7\u00e3o Serra Geral de Montanhismo<\/td>\r\n<td style=\"width: 47.0333%; height: 42px;\"><a href=\"https:\/\/www.asgem.org\/\" target=\"_blank\" rel=\"noopener\">https:\/\/www.asgem.org\/<\/a><\/td>\r\n<\/tr>\r\n<tr style=\"height: 42px;\">\r\n<td style=\"width: 19.3922%; height: 42px;\">\u00a0<\/td>\r\n<td style=\"width: 33.5745%; height: 42px;\">AJM &#8211; Associa\u00e7\u00e3o Joinvilense de Montanhismo<\/td>\r\n<td style=\"width: 47.0333%; height: 42px;\"><a href=\"https:\/\/ajm.org.br\/\" target=\"_blank\" rel=\"noreferrer noopener\">https:\/\/ajm.org.br\/<\/a><\/td>\r\n<\/tr>\r\n<tr style=\"height: 21px;\">\r\n<td style=\"width: 19.3922%; height: 21px;\">\u00a0<\/td>\r\n<td style=\"width: 33.5745%; height: 21px;\">P\u00e9 na Agarra<\/td>\r\n<td style=\"width: 47.0333%; height: 21px;\"><a href=\"http:\/\/penaagarra.blogspot.com\/\" target=\"_blank\" rel=\"noreferrer noopener\">http:\/\/penaagarra.blogspot.com\/<\/a><\/td>\r\n<\/tr>\r\n<tr style=\"height: 42px;\">\r\n<td style=\"width: 19.3922%; height: 42px;\">\u00a0<\/td>\r\n<td style=\"width: 33.5745%; height: 42px;\">AMOVI &#8211; Associa\u00e7\u00e3o de Montanhismo do Vale do Itaja\u00ed<\/td>\r\n<td style=\"width: 47.0333%; height: 42px;\">\u00a0<\/td>\r\n<\/tr>\r\n<tr style=\"height: 21px;\">\r\n<td style=\"width: 19.3922%; height: 21px;\">\u00a0<\/td>\r\n<td style=\"width: 33.5745%; height: 21px;\">\u00a0<\/td>\r\n<td style=\"width: 47.0333%; height: 21px;\">\u00a0<\/td>\r\n<\/tr>\r\n<tr style=\"height: 21px;\">\r\n<td style=\"width: 52.9667%; height: 21px;\" colspan=\"2\"><strong>FEPAM &#8211; Federa\u00e7\u00e3o Paranaense de Montanhismo<\/strong><\/td>\r\n<td style=\"width: 47.0333%; height: 21px;\"><strong><a href=\"http:\/\/fepampr.org.br\/\" target=\"_blank\" rel=\"noopener\">http:\/\/fepampr.org.br\/<\/a><\/strong><\/td>\r\n<\/tr>\r\n<tr style=\"height: 42px;\">\r\n<td style=\"width: 19.3922%; height: 42px;\">\u00a0<\/td>\r\n<td style=\"width: 33.5745%; height: 42px;\">CPM &#8211; Clube Paranaense de Montanhismo<\/td>\r\n<td style=\"width: 47.0333%; height: 42px;\"><a href=\"https:\/\/www.cpm.org.br\/\" target=\"_blank\" rel=\"noreferrer noopener\">https:\/\/www.cpm.org.br\/<\/a><\/td>\r\n<\/tr>\r\n<tr style=\"height: 42px;\">\r\n<td style=\"width: 19.3922%; height: 42px;\">\u00a0<\/td>\r\n<td style=\"width: 33.5745%; height: 42px;\">AMC &#8211; Associa\u00e7\u00e3o Montanhistas de Cristo<\/td>\r\n<td style=\"width: 47.0333%; height: 42px;\"><a href=\"http:\/\/www.montanhistasdecristo.com.br\/\" target=\"_blank\" rel=\"noreferrer noopener\">http:\/\/www.montanhistasdecristo.com.br\/<\/a><\/td>\r\n<\/tr>\r\n<tr style=\"height: 42px;\">\r\n<td style=\"width: 19.3922%; height: 42px;\">\u00a0<\/td>\r\n<td style=\"width: 33.5745%; height: 42px;\">NNM &#8211; Nas Nuvens Montanhismo<\/td>\r\n<td style=\"width: 47.0333%; height: 42px;\"><a href=\"https:\/\/www.nasnuvensmontanhismo.org.br\/\" target=\"_blank\" rel=\"noreferrer noopener\">https:\/\/www.nasnuvensmontanhismo.org.br\/<\/a><\/td>\r\n<\/tr>\r\n<tr style=\"height: 63px;\">\r\n<td style=\"width: 19.3922%; height: 63px;\">\u00a0<\/td>\r\n<td style=\"width: 33.5745%; height: 63px;\">CUME &#8211; Centro Universit\u00e1rio de Montanhismo e Excursionismo<\/td>\r\n<td style=\"width: 47.0333%; height: 63px;\"><a href=\"http:\/\/cume.org\/\" target=\"_blank\" rel=\"noreferrer noopener\">http:\/\/cume.org\/<\/a><\/td>\r\n<\/tr>\r\n<tr style=\"height: 42px;\">\r\n<td style=\"width: 19.3922%; height: 42px;\">\u00a0<\/td>\r\n<td style=\"width: 33.5745%; height: 42px;\">CUME \u2013 Clube Uni\u00e3o Marumbinismo e Escalada<\/td>\r\n<td style=\"width: 47.0333%; height: 42px;\">\u00a0<\/td>\r\n<\/tr>\r\n<tr style=\"height: 21px;\">\r\n<td style=\"width: 19.3922%; height: 21px;\">\u00a0<\/td>\r\n<td style=\"width: 33.5745%; height: 21px;\">\u00a0<\/td>\r\n<td style=\"width: 47.0333%; height: 21px;\">\u00a0<\/td>\r\n<\/tr>\r\n<tr style=\"height: 42px;\">\r\n<td style=\"width: 52.9667%; height: 42px;\" colspan=\"2\"><strong>FEMESP &#8211; Federa\u00e7\u00e3o de Montanhismo do Estado de S\u00e3o Paulo<\/strong><\/td>\r\n<td style=\"width: 47.0333%; height: 42px;\"><strong><a href=\"http:\/\/www.femesp.org.br\/\" target=\"_blank\" rel=\"noopener\">http:\/\/www.femesp.org.br\/<\/a><\/strong><\/td>\r\n<\/tr>\r\n<tr style=\"height: 21px;\">\r\n<td style=\"width: 19.3922%; height: 21px;\">\u00a0<\/td>\r\n<td style=\"width: 33.5745%; height: 21px;\">CAP &#8211; Clube Alpino Paulista<\/td>\r\n<td style=\"width: 47.0333%; height: 21px;\"><a href=\"http:\/\/cap.com.br\/\" target=\"_blank\" rel=\"noreferrer noopener\">http:\/\/cap.com.br\/<\/a><\/td>\r\n<\/tr>\r\n<tr style=\"height: 42px;\">\r\n<td style=\"width: 19.3922%; height: 42px;\">\u00a0<\/td>\r\n<td style=\"width: 33.5745%; height: 42px;\">CEU &#8211; Centro Excursionista Universit\u00e1rio<\/td>\r\n<td style=\"width: 47.0333%; height: 42px;\"><a href=\"https:\/\/www.ceubrasil.org.br\/\" target=\"_blank\" rel=\"noopener\">https:\/\/www.ceubrasil.org.br\/<\/a><\/td>\r\n<\/tr>\r\n<tr style=\"height: 21px;\">\r\n<td style=\"width: 19.3922%; height: 21px;\">\u00a0<\/td>\r\n<td style=\"width: 33.5745%; height: 21px;\">CUME &#8211; Centro Universit\u00e1rio de Montanhismo e Excursionismo<\/td>\r\n<td style=\"width: 47.0333%; height: 21px;\"><a href=\"http:\/\/cume.org\/\" target=\"_blank\" rel=\"noreferrer noopener\">http:\/\/cume.org\/<\/a><\/td>\r\n<\/tr>\r\n<tr style=\"height: 42px;\">\r\n<td style=\"width: 19.3922%; height: 42px;\">\u00a0<\/td>\r\n<td style=\"width: 33.5745%; height: 42px;\">GPM &#8211; Grupo Paulista de Montanhismo<\/td>\r\n<td style=\"width: 47.0333%; height: 42px;\"><a href=\"https:\/\/www.gpm.org.br\/\" target=\"_blank\" rel=\"noreferrer noopener\">https:\/\/www.gpm.org.br<\/a><\/td>\r\n<\/tr>\r\n<tr style=\"height: 42px;\">\r\n<td style=\"width: 19.3922%; height: 42px;\">\u00a0<\/td>\r\n<td style=\"width: 33.5745%; height: 42px;\">CAB &#8211; Clube Alpino Brasileiro<\/td>\r\n<td style=\"width: 47.0333%; height: 42px;\"><a href=\"https:\/\/clubealpinobrasileiro.org\/\" target=\"_blank\" rel=\"noopener\">https:\/\/clubealpinobrasileiro.org\/<\/a><\/td>\r\n<\/tr>\r\n<tr style=\"height: 21px;\">\r\n<td style=\"width: 19.3922%; height: 21px;\">\u00a0<\/td>\r\n<td style=\"width: 33.5745%; height: 21px;\">\u00a0<\/td>\r\n<td style=\"width: 47.0333%; height: 21px;\">\u00a0<\/td>\r\n<\/tr>\r\n<tr style=\"height: 42px;\">\r\n<td style=\"width: 52.9667%; height: 42px;\" colspan=\"2\"><strong>FEEMERJ &#8211; Federa\u00e7\u00e3o de Esportes de Montanha do Estado do Rio de Janeiro<\/strong><\/td>\r\n<td style=\"width: 47.0333%; height: 42px;\"><strong><a href=\"http:\/\/www.feemerj.org\/\" target=\"_blank\" rel=\"noopener\">http:\/\/www.feemerj.org\/<\/a><\/strong><\/td>\r\n<\/tr>\r\n<tr style=\"height: 42px;\">\r\n<td style=\"width: 19.3922%; height: 42px;\">\u00a0<\/td>\r\n<td style=\"width: 33.5745%; height: 42px;\">CEB &#8211; Centro Excursionista Brasileiro<\/td>\r\n<td style=\"width: 47.0333%; height: 42px;\"><a href=\"http:\/\/www.ceb.org.br\/\" target=\"_blank\" rel=\"noopener\">http:\/\/www.ceb.org.br\/<\/a><\/td>\r\n<\/tr>\r\n<tr style=\"height: 42px;\">\r\n<td style=\"width: 19.3922%; height: 42px;\">\u00a0<\/td>\r\n<td style=\"width: 33.5745%; height: 42px;\">CEF &#8211; Centro Excursionista Friburguense<\/td>\r\n<td style=\"width: 47.0333%; height: 42px;\"><a href=\"http:\/\/www.cef.org.br\/\" target=\"_blank\" rel=\"noopener\">http:\/\/www.cef.org.br\/<\/a><\/td>\r\n<\/tr>\r\n<tr style=\"height: 42px;\">\r\n<td style=\"width: 19.3922%; height: 42px;\">\u00a0<\/td>\r\n<td style=\"width: 33.5745%; height: 42px;\">CERJ &#8211; Centro Excursionista Rio de Janeiro<\/td>\r\n<td style=\"width: 47.0333%; height: 42px;\"><a href=\"http:\/\/www.cerj.org.br\/\" target=\"_blank\" rel=\"noopener\">http:\/\/www.cerj.org.br\/<\/a><\/td>\r\n<\/tr>\r\n<tr style=\"height: 42px;\">\r\n<td style=\"width: 19.3922%; height: 42px;\">\u00a0<\/td>\r\n<td style=\"width: 33.5745%; height: 42px;\">CEC &#8211; Clube Excursionista Carioca<\/td>\r\n<td style=\"width: 47.0333%; height: 42px;\"><a href=\"http:\/\/www.carioca.org.br\/\" target=\"_blank\" rel=\"noopener\">http:\/\/www.carioca.org.br\/<\/a><\/td>\r\n<\/tr>\r\n<tr style=\"height: 42px;\">\r\n<td style=\"width: 19.3922%; height: 42px;\">\u00a0<\/td>\r\n<td style=\"width: 33.5745%; height: 42px;\">CEL &#8211; Clube Excursionista Light<\/td>\r\n<td style=\"width: 47.0333%; height: 42px;\"><a href=\"http:\/\/www.celight.org.br\/\" target=\"_blank\" rel=\"noopener\">http:\/\/www.celight.org.br\/<\/a><\/td>\r\n<\/tr>\r\n<tr style=\"height: 42px;\">\r\n<td style=\"width: 19.3922%; height: 42px;\">\u00a0<\/td>\r\n<td style=\"width: 33.5745%; height: 42px;\">CEP &#8211; Centro Excursionista Petropolitano<\/td>\r\n<td style=\"width: 47.0333%; height: 42px;\"><a href=\"http:\/\/www.petropolitano.org.br\/\" target=\"_blank\" rel=\"noopener\">http:\/\/www.petropolitano.org.br\/<\/a><\/td>\r\n<\/tr>\r\n<tr style=\"height: 42px;\">\r\n<td style=\"width: 19.3922%; height: 42px;\">\u00a0<\/td>\r\n<td style=\"width: 33.5745%; height: 42px;\">CEG &#8211; Centro Excursionista Guanabara<\/td>\r\n<td style=\"width: 47.0333%; height: 42px;\"><a href=\"http:\/\/www.guanabara.org.br\/\" target=\"_blank\" rel=\"noopener\">http:\/\/www.guanabara.org.br\/<\/a><\/td>\r\n<\/tr>\r\n<tr style=\"height: 42px;\">\r\n<td style=\"width: 19.3922%; height: 42px;\">\u00a0<\/td>\r\n<td style=\"width: 33.5745%; height: 42px;\">GEAN &#8211; Grupo Excursionista Agulhas Negras<\/td>\r\n<td style=\"width: 47.0333%; height: 42px;\"><a href=\"http:\/\/www.grupogean.com\/\" target=\"_blank\" rel=\"noopener\">http:\/\/www.grupogean.com\/<\/a><\/td>\r\n<\/tr>\r\n<tr style=\"height: 42px;\">\r\n<td style=\"width: 19.3922%; height: 42px;\">\u00a0<\/td>\r\n<td style=\"width: 33.5745%; height: 42px;\">CET &#8211; Centro Excursionista Teresopolitano<\/td>\r\n<td style=\"width: 47.0333%; height: 42px;\"><a href=\"http:\/\/www.ceteresopolitano.org\/\" target=\"_blank\" rel=\"noopener\">http:\/\/www.ceteresopolitano.org\/<\/a><\/td>\r\n<\/tr>\r\n<tr style=\"height: 42px;\">\r\n<td style=\"width: 19.3922%; height: 42px;\">\u00a0<\/td>\r\n<td style=\"width: 33.5745%; height: 42px;\">CNM &#8211; Clube Niteroiense de Montanhismo<\/td>\r\n<td style=\"width: 47.0333%; height: 42px;\"><a href=\"http:\/\/www.niteroiense.org.br\/\" target=\"_blank\" rel=\"noopener\">http:\/\/www.niteroiense.org.br\/<\/a><\/td>\r\n<\/tr>\r\n<tr style=\"height: 21px;\">\r\n<td style=\"width: 19.3922%; height: 21px;\">\u00a0<\/td>\r\n<td style=\"width: 33.5745%; height: 21px;\">\u00a0<\/td>\r\n<td style=\"width: 47.0333%; height: 21px;\">\u00a0<\/td>\r\n<\/tr>\r\n<tr style=\"height: 42px;\">\r\n<td style=\"width: 52.9667%; height: 42px;\" colspan=\"2\"><strong>FEMEMG &#8211; Federa\u00e7\u00e3o de Montanhismo e Escalada de Minas Gerais<\/strong><\/td>\r\n<td style=\"width: 47.0333%; height: 42px;\"><strong><a href=\"https:\/\/fememg.com.br\/\" target=\"_blank\" rel=\"noopener\">https:\/\/fememg.com.br\/<\/a><\/strong><\/td>\r\n<\/tr>\r\n<tr style=\"height: 42px;\">\r\n<td style=\"width: 19.3922%; height: 42px;\">\u00a0<\/td>\r\n<td style=\"width: 33.5745%; height: 42px;\">CEM &#8211; Centro de Excursionismo Mineiro<\/td>\r\n<td style=\"width: 47.0333%; height: 42px;\"><a href=\"http:\/\/www.sitedocem.org.br\/\" target=\"_blank\" rel=\"noreferrer noopener\">http:\/\/www.sitedocem.org.br<\/a><\/td>\r\n<\/tr>\r\n<tr style=\"height: 42px;\">\r\n<td style=\"width: 19.3922%; height: 42px;\">\u00a0<\/td>\r\n<td style=\"width: 33.5745%; height: 42px;\">AME &#8211; Associa\u00e7\u00e3o Mineira de Escalada<\/td>\r\n<td style=\"width: 47.0333%; height: 42px;\">\u00a0<\/td>\r\n<\/tr>\r\n<tr style=\"height: 63px;\">\r\n<td style=\"width: 19.3922%; height: 18px;\">\u00a0<\/td>\r\n<td style=\"width: 33.5745%; height: 18px;\">\u00a0<\/td>\r\n<td style=\"width: 47.0333%; height: 18px;\">\u00a0<\/td>\r\n<\/tr>\r\n<tr style=\"height: 42px;\">\r\n<td style=\"width: 52.9667%; height: 42px;\" colspan=\"2\"><strong>ABGM &#8211; Associa\u00e7\u00e3o Brasileira de Guias de Montanha<\/strong><\/td>\r\n<td style=\"width: 47.0333%; height: 42px;\"><a href=\"http:\/\/www.abgm.pro.br\/\" target=\"_blank\" rel=\"noopener\"><strong>https:\/\/www.abgm.pro.br\/<\/strong><\/a><\/td>\r\n<\/tr>\r\n<tr style=\"height: 21px;\">\r\n<td style=\"width: 19.3922%; height: 21px;\">\u00a0<\/td>\r\n<td style=\"width: 33.5745%; height: 21px;\">\u00a0<\/td>\r\n<td style=\"width: 47.0333%; height: 21px;\">\u00a0<\/td>\r\n<\/tr>\r\n<tr style=\"height: 21px;\">\r\n<td style=\"width: 52.9667%; height: 21px;\" colspan=\"2\"><strong>AEP &#8211; Associa\u00e7\u00e3o de Escalada do Planalto Central<\/strong><\/td>\r\n<td style=\"width: 47.0333%; height: 21px;\"><strong><a href=\"https:\/\/www.aepescalada.com.br\/\" target=\"_blank\" rel=\"noopener\">https:\/\/www.aepescalada.com.br\/<\/a><\/strong><\/td>\r\n<\/tr>\r\n<tr style=\"height: 21px;\">\r\n<td style=\"width: 19.3922%; height: 21px;\">\u00a0<\/td>\r\n<td style=\"width: 33.5745%; height: 21px;\">\u00a0<\/td>\r\n<td style=\"width: 47.0333%; height: 21px;\">\u00a0<\/td>\r\n<\/tr>\r\n<tr style=\"height: 21px;\">\r\n<td style=\"width: 52.9667%; height: 21px;\" colspan=\"2\"><strong>ACE &#8211; Associa\u00e7\u00e3o Capixaba de Escalada<\/strong><\/td>\r\n<td style=\"width: 47.0333%; height: 21px;\"><strong><a href=\"http:\/\/www.ace-es.org.br\/\" target=\"_blank\" rel=\"noopener\">http:\/\/www.ace-es.org.br\/<\/a><\/strong><\/td>\r\n<\/tr>\r\n<tr style=\"height: 21px;\">\r\n<td style=\"width: 19.3922%; height: 21px;\">\u00a0<\/td>\r\n<td style=\"width: 33.5745%; height: 21px;\">\u00a0<\/td>\r\n<td style=\"width: 47.0333%; height: 21px;\">\u00a0<\/td>\r\n<\/tr>\r\n<\/tbody>\r\n<\/table>\r\n<\/figure>\r\n","protected":false},"excerpt":{"rendered":"<p>FEDERA\u00c7\u00c3O CLUBES SITE FGM &#8211; Federa\u00e7\u00e3o Gaucha de Montanhismo http:\/\/www.fgm.org.br\/ \u00a0 AMES &#8211; Associa\u00e7\u00e3o de Montanhistas de Esteio https:\/\/montanhismoames7.wixsite.com\/ames \u00a0 ACM &#8211; Associa\u00e7\u00e3o Caxiense de&hellip;<\/p>\n","protected":false},"author":1,"featured_media":0,"parent":0,"menu_order":0,"comment_status":"closed","ping_status":"closed","template":"page-sidebar.php","meta":{"footnotes":""},"class_list":["post-1196","page","type-page","status-publish","hentry"],"_links":{"self":[{"href":"https:\/\/cbme.org.br\/novo\/wp-json\/wp\/v2\/pages\/1196","targetHints":{"allow":["GET"]}}],"collection":[{"href":"https:\/\/cbme.org.br\/novo\/wp-json\/wp\/v2\/pages"}],"about":[{"href":"https:\/\/cbme.org.br\/novo\/wp-json\/wp\/v2\/types\/page"}],"author":[{"embeddable":true,"href":"https:\/\/cbme.org.br\/novo\/wp-json\/wp\/v2\/users\/1"}],"replies":[{"embeddable":true,"href":"https:\/\/cbme.org.br\/novo\/wp-json\/wp\/v2\/comments?post=1196"}],"version-history":[{"count":24,"href":"https:\/\/cbme.org.br\/novo\/wp-json\/wp\/v2\/pages\/1196\/revisions"}],"predecessor-version":[{"id":2793,"href":"https:\/\/cbme.org.br\/novo\/wp-json\/wp\/v2\/pages\/1196\/revisions\/2793"}],"wp:attachment":[{"href":"https:\/\/cbme.org.br\/novo\/wp-json\/wp\/v2\/media?parent=1196"}],"curies":[{"name":"wp","href":"https:\/\/api.w.org\/{rel}","templated":true}]}}