{"id":1160,"date":"2016-12-26T13:45:28","date_gmt":"2016-12-26T13:45:28","guid":{"rendered":"https:\/\/cbme.org.br\/novo\/?page_id=1160"},"modified":"2017-02-14T20:27:11","modified_gmt":"2017-02-14T20:27:11","slug":"semana-de-montanhismo","status":"publish","type":"page","link":"https:\/\/cbme.org.br\/novo\/semana-de-montanhismo\/","title":{"rendered":"Semana Brasileira de Montanhismo (SBM)"},"content":{"rendered":"<p><a href=\"http:\/\/www.semanademontanhismo.com.br\"><strong>&nbsp;I Semana Brasileira de Montanhismo: 100 anos de Montanhismo &#8211; 2012<\/strong><\/a><\/p>\n<p>&nbsp;Resumo dos resultados:<\/p>\n<p><a href=\"https:\/\/cbme.org.br\/novo\/biblioteca\/resultados-sbm-2012\/\">Relat\u00f3rio Geral<\/a><\/p>\n<p><a href=\"https:\/\/cbme.org.br\/novo\/biblioteca\/resultados-sbm-2012\/\">Relat\u00f3rio do 2<sup>o<\/sup> Congresso Brasileiro de Montanhismo e Escalada<\/a><\/p>\n<p><a href=\"https:\/\/cbme.org.br\/novo\/biblioteca\/resultados-sbm-2012\/\">Relat\u00f3rio do 2<sup>o<\/sup> Encontro de Parques de Montanha<\/a><\/p>\n<p><a href=\"https:\/\/cbme.org.br\/novo\/biblioteca\/resultados-sbm-2012\/\">Anais 1<sup>o<\/sup> Encontro Cient\u00edfico sobre Uso e Conserva\u00e7\u00e3o de Montanhas<\/a><\/p>\n<p><strong>&nbsp;<\/strong><a href=\"http:\/\/www.rionasmontanhas.com\"><strong>II Semana Brasileira de Montanhismo: 450 anos de Rio nas Montanhas &#8211; &nbsp;2015<\/strong><\/a><\/p>\n<p><a href=\"https:\/\/drive.google.com\/open?id=0B2V5Q7IkxkNnbjZvZV9Ea3NmRnM\">Vinheta do Evento<\/a><\/p>\n<p><a href=\"https:\/\/cbme.org.br\/novo\/biblioteca\/resultados-sbm-2015\/\">Relat\u00f3rio Geral<\/a><\/p>\n<p><a href=\"https:\/\/drive.google.com\/open?id=0B2V5Q7IkxkNnVDhpXzVhSmRxc1E\">Campeonato Brasileiro de Boulder<\/a><\/p>\n<p><iframe src=\"https:\/\/player.vimeo.com\/video\/202353461\" width=\"1170\" height=\"658\" frameborder=\"0\" title=\"VInheta SBM 2015: Rio nas Montanhas\" webkitallowfullscreen mozallowfullscreen allowfullscreen><\/iframe><\/p>\n<p><iframe src=\"https:\/\/player.vimeo.com\/video\/202354301\" width=\"1170\" height=\"658\" frameborder=\"0\" title=\"Campeonato Brasileiro de Boulder 2015 (CBME)-HD\" webkitallowfullscreen mozallowfullscreen allowfullscreen><\/iframe><\/p>\n","protected":false},"excerpt":{"rendered":"<p>&nbsp;I Semana Brasileira de Montanhismo: 100 anos de Montanhismo &#8211; 2012 &nbsp;Resumo dos resultados: Relat\u00f3rio Geral Relat\u00f3rio do 2o Congresso Brasileiro de Montanhismo e Escalada&hellip;<\/p>\n","protected":false},"author":1,"featured_media":0,"parent":0,"menu_order":0,"comment_status":"closed","ping_status":"closed","template":"page-sidebar.php","meta":{"footnotes":""},"class_list":["post-1160","page","type-page","status-publish","hentry"],"_links":{"self":[{"href":"https:\/\/cbme.org.br\/novo\/wp-json\/wp\/v2\/pages\/1160","targetHints":{"allow":["GET"]}}],"collection":[{"href":"https:\/\/cbme.org.br\/novo\/wp-json\/wp\/v2\/pages"}],"about":[{"href":"https:\/\/cbme.org.br\/novo\/wp-json\/wp\/v2\/types\/page"}],"author":[{"embeddable":true,"href":"https:\/\/cbme.org.br\/novo\/wp-json\/wp\/v2\/users\/1"}],"replies":[{"embeddable":true,"href":"https:\/\/cbme.org.br\/novo\/wp-json\/wp\/v2\/comments?post=1160"}],"version-history":[{"count":5,"href":"https:\/\/cbme.org.br\/novo\/wp-json\/wp\/v2\/pages\/1160\/revisions"}],"predecessor-version":[{"id":1639,"href":"https:\/\/cbme.org.br\/novo\/wp-json\/wp\/v2\/pages\/1160\/revisions\/1639"}],"wp:attachment":[{"href":"https:\/\/cbme.org.br\/novo\/wp-json\/wp\/v2\/media?parent=1160"}],"curies":[{"name":"wp","href":"https:\/\/api.w.org\/{rel}","templated":true}]}}