{"id":1142,"date":"2016-12-26T13:37:35","date_gmt":"2016-12-26T13:37:35","guid":{"rendered":"https:\/\/cbme.org.br\/novo\/?page_id=1142"},"modified":"2017-02-01T23:48:54","modified_gmt":"2017-02-01T23:48:54","slug":"padroes-de-competencia-para-guias-de-montanha-voluntarios","status":"publish","type":"page","link":"https:\/\/cbme.org.br\/novo\/padroes-de-competencia-para-guias-de-montanha-voluntarios\/","title":{"rendered":"Padr\u00f5es de Guias Volunt\u00e1rios"},"content":{"rendered":"<p>PADR\u00d5ES DE COMPET\u00caNCIAS DO GUIA DE MONTANHA VOLUNT\u00c1RIO CBME<\/p>\n<p>Diante do crescimento das atividades de montanhismo e escalada ocorrida nos \u00faltimos anos, a CBME resolveu criar padr\u00f5es que norteiem a forma\u00e7\u00e3o e qualifica\u00e7\u00e3o dos Guias de Montanha Volunt\u00e1rios.<\/p>\n<p>Entende-se por Guia de Montanha Volunt\u00e1rio todo e qualquer indiv\u00edduo que por sua forma\u00e7\u00e3o e experi\u00eancia assuma o trabalho de conduzir indiv\u00edduos ou grupos de indiv\u00edduos nas pr\u00e1ticas de montanhismo e escalada em rocha vinculadas de alguma forma \u00e0s federa\u00e7\u00f5es, associa\u00e7\u00f5es e clubes filiados e associados \u00e0 CBME, atividades estas sem fins lucrativos ou de cunho comercial.<\/p>\n<p><a href=\"https:\/\/cbme.org.br\/novo\/biblioteca\/documentos-tecnicos\/\">Baixe aqui o documento completo.<\/a><\/p>\n","protected":false},"excerpt":{"rendered":"<p>PADR\u00d5ES DE COMPET\u00caNCIAS DO GUIA DE MONTANHA VOLUNT\u00c1RIO CBME Diante do crescimento das atividades de montanhismo e escalada ocorrida nos \u00faltimos anos, a CBME resolveu&hellip;<\/p>\n","protected":false},"author":1,"featured_media":0,"parent":0,"menu_order":0,"comment_status":"closed","ping_status":"closed","template":"page-sidebar.php","meta":{"footnotes":""},"class_list":["post-1142","page","type-page","status-publish","hentry"],"_links":{"self":[{"href":"https:\/\/cbme.org.br\/novo\/wp-json\/wp\/v2\/pages\/1142","targetHints":{"allow":["GET"]}}],"collection":[{"href":"https:\/\/cbme.org.br\/novo\/wp-json\/wp\/v2\/pages"}],"about":[{"href":"https:\/\/cbme.org.br\/novo\/wp-json\/wp\/v2\/types\/page"}],"author":[{"embeddable":true,"href":"https:\/\/cbme.org.br\/novo\/wp-json\/wp\/v2\/users\/1"}],"replies":[{"embeddable":true,"href":"https:\/\/cbme.org.br\/novo\/wp-json\/wp\/v2\/comments?post=1142"}],"version-history":[{"count":5,"href":"https:\/\/cbme.org.br\/novo\/wp-json\/wp\/v2\/pages\/1142\/revisions"}],"predecessor-version":[{"id":1595,"href":"https:\/\/cbme.org.br\/novo\/wp-json\/wp\/v2\/pages\/1142\/revisions\/1595"}],"wp:attachment":[{"href":"https:\/\/cbme.org.br\/novo\/wp-json\/wp\/v2\/media?parent=1142"}],"curies":[{"name":"wp","href":"https:\/\/api.w.org\/{rel}","templated":true}]}}