{"id":1128,"date":"2016-12-26T13:28:39","date_gmt":"2016-12-26T13:28:39","guid":{"rendered":"https:\/\/cbme.org.br\/novo\/?page_id=1128"},"modified":"2017-01-19T20:44:56","modified_gmt":"2017-01-19T20:44:56","slug":"fale-conosco","status":"publish","type":"page","link":"https:\/\/cbme.org.br\/novo\/fale-conosco\/","title":{"rendered":"Fale Conosco"},"content":{"rendered":"<p>Deseja falar com a CBME?<\/p>\n<h4><img decoding=\"async\" class=\"alignnone wp-image-1407 alignleft\" src=\"https:\/\/cbme.org.br\/novo\/wp-content\/uploads\/2016\/12\/icone_de_correio_eletronico_email.jpg\" alt=\"\" width=\"37\" height=\"43\" srcset=\"https:\/\/cbme.org.br\/novo\/wp-content\/uploads\/2016\/12\/icone_de_correio_eletronico_email.jpg 1833w, https:\/\/cbme.org.br\/novo\/wp-content\/uploads\/2016\/12\/icone_de_correio_eletronico_email-259x300.jpg 259w, https:\/\/cbme.org.br\/novo\/wp-content\/uploads\/2016\/12\/icone_de_correio_eletronico_email-768x890.jpg 768w, https:\/\/cbme.org.br\/novo\/wp-content\/uploads\/2016\/12\/icone_de_correio_eletronico_email-883x1024.jpg 883w, https:\/\/cbme.org.br\/novo\/wp-content\/uploads\/2016\/12\/icone_de_correio_eletronico_email-1170x1356.jpg 1170w, https:\/\/cbme.org.br\/novo\/wp-content\/uploads\/2016\/12\/icone_de_correio_eletronico_email-585x678.jpg 585w\" sizes=\"(max-width: 37px) 100vw, 37px\" \/>&nbsp;<a href=\"mailto:contato.cbme@gmail.com\">contato.cbme@gmail.com<\/a><\/h4>\n<h4>&nbsp;<a href=\"https:\/\/www.facebook.com\/confederacaobrasileiramontanhismoescalada\/\"><img decoding=\"async\" class=\"alignnone wp-image-1404\" src=\"https:\/\/cbme.org.br\/novo\/wp-content\/uploads\/2016\/12\/fb_icon_325x325.png\" alt=\"\" width=\"37\" height=\"37\" srcset=\"https:\/\/cbme.org.br\/novo\/wp-content\/uploads\/2016\/12\/fb_icon_325x325.png 325w, https:\/\/cbme.org.br\/novo\/wp-content\/uploads\/2016\/12\/fb_icon_325x325-150x150.png 150w, https:\/\/cbme.org.br\/novo\/wp-content\/uploads\/2016\/12\/fb_icon_325x325-300x300.png 300w\" sizes=\"(max-width: 37px) 100vw, 37px\" \/><\/a>&nbsp;&nbsp;<\/h4>\n<p><span style=\"color: #000000;\"><a href=\"https:\/\/cbme.org.br\/novo\/wp-content\/uploads\/2016\/12\/mail.png\" data-rel=\"penci-gallery-image-content\" ><img decoding=\"async\" class=\"wp-image-1405 alignleft\" src=\"https:\/\/cbme.org.br\/novo\/wp-content\/uploads\/2016\/12\/mail.png\" alt=\"\" width=\"44\" height=\"44\" srcset=\"https:\/\/cbme.org.br\/novo\/wp-content\/uploads\/2016\/12\/mail.png 512w, https:\/\/cbme.org.br\/novo\/wp-content\/uploads\/2016\/12\/mail-150x150.png 150w, https:\/\/cbme.org.br\/novo\/wp-content\/uploads\/2016\/12\/mail-300x300.png 300w\" sizes=\"(max-width: 44px) 100vw, 44px\" \/><\/a><\/span><\/p>\n<p><span style=\"color: #000000;\">CBME &#8211; Confedera\u00e7\u00e3o Brasileira de Montanhismo e Escalada<\/span><\/p>\n<p><span style=\"color: #000000;\">Av.&nbsp; Almirante Barroso 2 &#8211; 8\u00ba andar<\/span><\/p>\n<p><span style=\"color: #000000;\">&nbsp; &nbsp; &nbsp; &nbsp; &nbsp; &nbsp; &nbsp; &nbsp; &nbsp; &nbsp; &nbsp; &nbsp; &nbsp; &nbsp;Centro<\/span><\/p>\n<p><span style=\"color: #000000;\">&nbsp; &nbsp; &nbsp; &nbsp; &nbsp; &nbsp; &nbsp; &nbsp; &nbsp; &nbsp; &nbsp; &nbsp; &nbsp; &nbsp; CEP 20031-000 &#8211; Rio de Janeiro &#8211; R<strong>J<\/strong><\/span><\/p>\n<p><strong><span style=\"color: #000000;\">**As quest\u00f5es relacionadas a trabalho em altura e turismo de aventura n\u00e3o s\u00e3o de compet\u00eancia da CBME ou de suas entidades associadas.<\/span><\/strong><\/p>\n<p>&nbsp;<\/p>\n","protected":false},"excerpt":{"rendered":"<p>Deseja falar com a CBME? &nbsp;contato.cbme@gmail.com &nbsp;&nbsp;&nbsp; CBME &#8211; Confedera\u00e7\u00e3o Brasileira de Montanhismo e Escalada Av.&nbsp; Almirante Barroso 2 &#8211; 8\u00ba andar &nbsp; &nbsp; &nbsp;&hellip;<\/p>\n","protected":false},"author":1,"featured_media":0,"parent":0,"menu_order":0,"comment_status":"closed","ping_status":"closed","template":"page-sidebar.php","meta":{"footnotes":""},"class_list":["post-1128","page","type-page","status-publish","hentry"],"_links":{"self":[{"href":"https:\/\/cbme.org.br\/novo\/wp-json\/wp\/v2\/pages\/1128","targetHints":{"allow":["GET"]}}],"collection":[{"href":"https:\/\/cbme.org.br\/novo\/wp-json\/wp\/v2\/pages"}],"about":[{"href":"https:\/\/cbme.org.br\/novo\/wp-json\/wp\/v2\/types\/page"}],"author":[{"embeddable":true,"href":"https:\/\/cbme.org.br\/novo\/wp-json\/wp\/v2\/users\/1"}],"replies":[{"embeddable":true,"href":"https:\/\/cbme.org.br\/novo\/wp-json\/wp\/v2\/comments?post=1128"}],"version-history":[{"count":8,"href":"https:\/\/cbme.org.br\/novo\/wp-json\/wp\/v2\/pages\/1128\/revisions"}],"predecessor-version":[{"id":1412,"href":"https:\/\/cbme.org.br\/novo\/wp-json\/wp\/v2\/pages\/1128\/revisions\/1412"}],"wp:attachment":[{"href":"https:\/\/cbme.org.br\/novo\/wp-json\/wp\/v2\/media?parent=1128"}],"curies":[{"name":"wp","href":"https:\/\/api.w.org\/{rel}","templated":true}]}}