{"id":1121,"date":"2016-12-26T13:22:51","date_gmt":"2016-12-26T13:22:51","guid":{"rendered":"https:\/\/cbme.org.br\/novo\/?page_id=1121"},"modified":"2021-11-19T17:52:07","modified_gmt":"2021-11-19T17:52:07","slug":"diretoria","status":"publish","type":"page","link":"https:\/\/cbme.org.br\/novo\/diretoria\/","title":{"rendered":"Diretorias"},"content":{"rendered":"<p><strong>Gest\u00e3o 2021-2024<\/strong><\/p>\n<p>Presidente: Marcio Hoepers \u2013 FEPAM<br \/>\nVice-Presidente: Pedro Bugim\u2013 FEMERJ<br \/>\nDiretor Tesoureiro: Neusa Maria Vedovato de Oliveira \u2013 FEMESP<br \/>\nDiretor Secret\u00e1rio: Natan Fabricio \u2013 FEPAM<br \/>\nDiretoria T\u00e9cnica: Daniel Zacharias \u2013 FEMESP\/Delson Queiroz &#8211; FEMERJ<br \/>\nDiretoria de Meio Ambiente: Ivo Leo \u2013 FEMESC \/ Sandro Rodrigo Aniceto \u2013 ACE<\/p>\n<p><strong>Gest\u00e3o 2016-2020<\/strong><\/p>\n<p>Presidente: Kika Bradford (FEMERJ)<br \/>\nVice-Presidente: Natan Fabricio (FEPAM)<br \/>\nDiretoria Financeira: Neusa Vedovato (FEMESP)<br \/>\nDiretoria de Meio Ambiente: Nelson Brugger (FGM)<br \/>\nSecret\u00e1rio: Pedro Bugim (FEMERJ)<br \/>\nDiretoria T\u00e9cnica: Delson de Queiroz (FEMERJ) e Jos\u00e9 M\u00e1rcio Dorigueto (ACE)<\/p>\n<p><strong>Gest\u00e3o 2012-2016<\/strong><br \/>\nPresidente Licenciado: Silverio Nery (FEMESP)<br \/>\nPresidente em Exerc\u00edcio: Kika Bradford (FEMERJ)<br \/>\nDiretor Secret\u00e1rio: Marcio Hoppers (FEMESC)<br \/>\nDiretora Financeira: Neusa Vedovato (FEMESP)<br \/>\nDiretor T\u00e9cnico: Felipe Edney (FEMERJ)<br \/>\nDiretor de Meio Ambiente: Nelson Brugger (FGM)<br \/>\nDiretor de Competi\u00e7\u00f5es: Vancante<\/p>\n<p><strong>2\u00ba mandato, de 2008 a 2012<\/strong><br \/>\nPresidente: Silverio Jose Nery Filho &#8211; FEMESP<br \/>\nVice-Presidente: Bernardo Collares Arantes &#8211; FEMERJ<br \/>\nDiretor Tesoureiro: Neusa Maria Vedovato de Oliveira &#8211; FEMESP<br \/>\nDiretor Secret\u00e1rio: Andressa Zanlorenzi &#8211; FEPAM<br \/>\n<span style=\"color: #003366;\">Diretoria n\u00e3o estatut\u00e1ria:<\/span><br \/>\n<span style=\"color: #003366;\">Diretor T\u00e9cnico: vaga de 2008 a 2009. Luis Marcelo Rodrigues &#8211; FGM a partir de 2009<\/span><br \/>\n<span style=\"color: #003366;\">Diretor de Meio Ambiente: Milton Dines &#8211; FEMESP<\/span><br \/>\n<span style=\"color: #003366;\">Diretor de Competi\u00e7\u00f5es: Ricardo Leizer &#8211; FEMESP<\/span><\/p>\n<p><strong>1\u00ba mandato, de 2004 a 2008<\/strong><br \/>\nPresidente: Silverio Jose Nery Filho &#8211; FEMESP<br \/>\nVice-Presidente: Bernardo Collares Arantes &#8211; FEMERJ<br \/>\nDiretor Tesoureiro: Neusa Maria Vedovato de Oliveira &#8211; FEMESP<br \/>\nDiretor Secret\u00e1rio: Julio Cesar Abduch &#8211; FEPAM<br \/>\n<span style=\"color: #003366;\">Diretoria n\u00e3o estatut\u00e1ria:<\/span><br \/>\n<span style=\"color: #003366;\">Diretor T\u00e9cnico: Ronaldo Franzen &#8211; FEPAM<\/span><br \/>\n<span style=\"color: #003366;\">Diretor de Meio Ambiente: Milton Dines &#8211; FEMESP<\/span><br \/>\n<span style=\"color: #003366;\">Diretor de Competi\u00e7\u00f5es: Alexandre Diniz &#8211; FEMERJ<\/span><\/p>\n","protected":false},"excerpt":{"rendered":"<p>Gest\u00e3o 2021-2024 Presidente: Marcio Hoepers \u2013 FEPAM Vice-Presidente: Pedro Bugim\u2013 FEMERJ Diretor Tesoureiro: Neusa Maria Vedovato de Oliveira \u2013 FEMESP Diretor Secret\u00e1rio: Natan Fabricio \u2013&hellip;<\/p>\n","protected":false},"author":1,"featured_media":0,"parent":0,"menu_order":0,"comment_status":"closed","ping_status":"closed","template":"page-sidebar.php","meta":{"footnotes":""},"class_list":["post-1121","page","type-page","status-publish","hentry"],"_links":{"self":[{"href":"https:\/\/cbme.org.br\/novo\/wp-json\/wp\/v2\/pages\/1121","targetHints":{"allow":["GET"]}}],"collection":[{"href":"https:\/\/cbme.org.br\/novo\/wp-json\/wp\/v2\/pages"}],"about":[{"href":"https:\/\/cbme.org.br\/novo\/wp-json\/wp\/v2\/types\/page"}],"author":[{"embeddable":true,"href":"https:\/\/cbme.org.br\/novo\/wp-json\/wp\/v2\/users\/1"}],"replies":[{"embeddable":true,"href":"https:\/\/cbme.org.br\/novo\/wp-json\/wp\/v2\/comments?post=1121"}],"version-history":[{"count":3,"href":"https:\/\/cbme.org.br\/novo\/wp-json\/wp\/v2\/pages\/1121\/revisions"}],"predecessor-version":[{"id":2602,"href":"https:\/\/cbme.org.br\/novo\/wp-json\/wp\/v2\/pages\/1121\/revisions\/2602"}],"wp:attachment":[{"href":"https:\/\/cbme.org.br\/novo\/wp-json\/wp\/v2\/media?parent=1121"}],"curies":[{"name":"wp","href":"https:\/\/api.w.org\/{rel}","templated":true}]}}