{"id":1117,"date":"2016-12-26T13:18:05","date_gmt":"2016-12-26T13:18:05","guid":{"rendered":"https:\/\/cbme.org.br\/novo\/?page_id=1117"},"modified":"2017-02-01T23:42:23","modified_gmt":"2017-02-01T23:42:23","slug":"sobre-a-cbme","status":"publish","type":"page","link":"https:\/\/cbme.org.br\/novo\/sobre-a-cbme\/","title":{"rendered":"Sobre a CBME"},"content":{"rendered":"<p><a href=\"https:\/\/cbme.org.br\/novo\/diretorias\/\"><strong>Diretoria CBME<\/strong><\/a><\/p>\n<p><strong>&nbsp;<\/strong><\/p>\n<p>A CBME<\/p>\n<p>A <strong>Confedera\u00e7\u00e3o Brasileira de Montanhismo e Escalada, CBME,<\/strong> \u00e9 uma associa\u00e7\u00e3o sem fins lucrativos estabelecida como entidade nacional de administra\u00e7\u00e3o do desporto de montanhismo e escalada, com car\u00e1ter desportivo, ambiental e cultural.<\/p>\n<p>A CBME \u00e9 o resultado de v\u00e1rios anos de trabalho volunt\u00e1rio de montanhistas de todo o Brasil num esfor\u00e7o cont\u00ednuo para estruturar os esportes sob sua compet\u00eancia.&nbsp;Nossa atua\u00e7\u00e3o se d\u00e1 em tr\u00eas eixos fundamentais:<\/p>\n<ul>\n<li>Desenvolvimento t\u00e9cnico do esporte, atrav\u00e9s da crescente organiza\u00e7\u00e3o da escalada e do montanhismo em todo o Pa\u00eds.<\/li>\n<li>Forma\u00e7\u00e3o t\u00e9cnica e \u00e9tica de montanhistas, sejam eles simples praticantes ou proficientes guias.<\/li>\n<li>A\u00e7\u00f5es de garantia de acesso e conserva\u00e7\u00e3o de nossas montanhas.<\/li>\n<\/ul>\n<p>Fundada em agosto de 2004, a CBME \u00e9 formada por 36 entidades, agrupadas nas seguintes 11 agremia\u00e7\u00f5es: Federa\u00e7\u00f5es de Montanhismo dos Estados de S\u00e3o Paulo, Rio de Janeiro, Minas Gerais, Paran\u00e1, Rio Grande do Sul, Santa Catarina, Cear\u00e1, e as Associa\u00e7\u00e3o Capixaba de Montanhismo, Associa\u00e7\u00e3o de Escaladores do Planalto Central, Associa\u00e7\u00e3o Paraibana de Escalada e Associa\u00e7\u00e3o de Escaladores do Rio Grande do Norte.<\/p>\n<p><a href=\"https:\/\/cbme.org.br\/novo\/entidades-filiadas\/\">Veja a lista completa aqui.<\/a><\/p>\n<p>A CBME possui registro no Minist\u00e9rio do Esporte,&nbsp;sendo membro permanente da Comiss\u00e3o de Esportes de Aventura, \u00f3rg\u00e3o criado para promover estudos e propor a\u00e7\u00f5es sobre gest\u00f5es estrat\u00e9gicas na \u00e1rea dos Esporte de Aventura. \u00c9 membro da UIAA &#8211; Union Internationale des Associations d&#8217; Alpinisme e foi membro-fundador da IFSC &#8211; International Federation of Sport Climbing (entidade da qual n\u00e3o \u00e9 filiada atualmente por quest\u00f5es financeiras).<\/p>\n<p><strong>CBME &#8211; Confedera\u00e7\u00e3o Brasileira de Montanhismo e Escalada<\/strong><\/p>\n<p><strong>CNPJ sob no.&nbsp; 07.303.337\/0001-17<\/strong><\/p>\n<p><strong>Av.&nbsp; Almirante Barroso 2 &#8211; 8\u00ba andar<\/strong><\/p>\n<p><strong>Centro<\/strong><\/p>\n<p><strong>CEP 20.031-000 &#8211; Rio de Janeiro &#8211; RJ<\/strong><\/p>\n<p>&nbsp;<\/p>\n","protected":false},"excerpt":{"rendered":"<p>Diretoria CBME &nbsp; A CBME A Confedera\u00e7\u00e3o Brasileira de Montanhismo e Escalada, CBME, \u00e9 uma associa\u00e7\u00e3o sem fins lucrativos estabelecida como entidade nacional de administra\u00e7\u00e3o&hellip;<\/p>\n","protected":false},"author":1,"featured_media":0,"parent":0,"menu_order":0,"comment_status":"closed","ping_status":"closed","template":"page-sidebar.php","meta":{"footnotes":""},"class_list":["post-1117","page","type-page","status-publish","hentry"],"_links":{"self":[{"href":"https:\/\/cbme.org.br\/novo\/wp-json\/wp\/v2\/pages\/1117","targetHints":{"allow":["GET"]}}],"collection":[{"href":"https:\/\/cbme.org.br\/novo\/wp-json\/wp\/v2\/pages"}],"about":[{"href":"https:\/\/cbme.org.br\/novo\/wp-json\/wp\/v2\/types\/page"}],"author":[{"embeddable":true,"href":"https:\/\/cbme.org.br\/novo\/wp-json\/wp\/v2\/users\/1"}],"replies":[{"embeddable":true,"href":"https:\/\/cbme.org.br\/novo\/wp-json\/wp\/v2\/comments?post=1117"}],"version-history":[{"count":7,"href":"https:\/\/cbme.org.br\/novo\/wp-json\/wp\/v2\/pages\/1117\/revisions"}],"predecessor-version":[{"id":1591,"href":"https:\/\/cbme.org.br\/novo\/wp-json\/wp\/v2\/pages\/1117\/revisions\/1591"}],"wp:attachment":[{"href":"https:\/\/cbme.org.br\/novo\/wp-json\/wp\/v2\/media?parent=1117"}],"curies":[{"name":"wp","href":"https:\/\/api.w.org\/{rel}","templated":true}]}}